{"id":1475,"date":"2023-05-01T02:39:41","date_gmt":"2023-05-01T00:39:41","guid":{"rendered":"http:\/\/www.parklomza.pl\/?page_id=1475"},"modified":"2023-05-01T22:17:50","modified_gmt":"2023-05-01T20:17:50","slug":"hosting-vps-kolokacja","status":"publish","type":"page","link":"http:\/\/www.parklomza.pl\/?page_id=1475","title":{"rendered":"Hosting \/ VPS \/ Kolokacja"},"content":{"rendered":"<div class=\"fusion-fullwidth fullwidth-box fusion-builder-row-1 fusion-flex-container has-pattern-background has-mask-background nonhundred-percent-fullwidth non-hundred-percent-height-scrolling\" style=\"--awb-border-sizes-bottom:1px;--awb-border-color:rgba(237,237,237,1);--awb-border-radius-top-left:0px;--awb-border-radius-top-right:0px;--awb-border-radius-bottom-right:0px;--awb-border-radius-bottom-left:0px;--awb-overflow:visible;--awb-padding-top:0px;--awb-margin-top:0px;--awb-background-color:#ffffff;\" ><div class=\"fusion-builder-row fusion-row fusion-flex-align-items-center\" style=\"max-width:1206.4px;margin-left: calc(-4% \/ 2 );margin-right: calc(-4% \/ 2 );\"><div class=\"fusion-layout-column fusion_builder_column fusion-builder-column-0 fusion_builder_column_1_2 1_2 fusion-flex-column fusion-flex-align-self-flex-start\" style=\"--awb-overflow:visible;--awb-bg-size:cover;--awb-box-shadow:0px 0px 25px 15px rgba(16,0,51,0.05);;--awb-width-large:50%;--awb-margin-top-large:0px;--awb-spacing-right-large:3.84%;--awb-margin-bottom-large:25px;--awb-spacing-left-large:3.84%;--awb-width-medium:50%;--awb-order-medium:0;--awb-spacing-right-medium:3.84%;--awb-margin-bottom-medium:50px;--awb-spacing-left-medium:3.84%;--awb-width-small:100%;--awb-order-small:0;--awb-spacing-right-small:1.92%;--awb-spacing-left-small:1.92%;\"><div class=\"fusion-column-wrapper fusion-column-has-shadow fusion-flex-justify-content-flex-start fusion-content-layout-column\"><div class=\"fusion-builder-row fusion-builder-row-inner fusion-row fusion-flex-align-items-center\" style=\"width:104% !important;max-width:104% !important;margin-left: calc(-4% \/ 2 );margin-right: calc(-4% \/ 2 );\"><div class=\"fusion-layout-column fusion_builder_column_inner fusion-builder-nested-column-0 fusion_builder_column_inner_1_1 1_1 fusion-flex-column\" style=\"--awb-padding-top:50px;--awb-padding-right:50px;--awb-padding-bottom:60px;--awb-padding-left:50px;--awb-bg-image:linear-gradient(170deg, #006db1 0%,#100033 100%);--awb-bg-size:cover;--awb-width-large:100%;--awb-margin-top-large:25px;--awb-spacing-right-large:1.92%;--awb-margin-bottom-large:0px;--awb-spacing-left-large:1.92%;--awb-width-medium:100%;--awb-order-medium:0;--awb-spacing-right-medium:1.92%;--awb-spacing-left-medium:1.92%;--awb-width-small:100%;--awb-order-small:0;--awb-spacing-right-small:1.92%;--awb-spacing-left-small:1.92%;\"><div class=\"fusion-column-wrapper fusion-column-has-shadow fusion-flex-justify-content-flex-start fusion-content-layout-column\"><div class=\"fusion-text fusion-text-1 fusion-text-no-margin\" style=\"--awb-font-size:30px;--awb-line-height:1.8;--awb-letter-spacing:-0.015em;--awb-text-transform:var(--awb-typography2-text-transform);--awb-text-color:#ffffff;--awb-text-font-family:&quot;IBM Plex Sans&quot;;--awb-text-font-style:normal;--awb-text-font-weight:400;\"><p style=\"text-align: left;\"><strong>Hosting<\/strong><\/p>\n<\/div><div class=\"fusion-title title fusion-title-1 fusion-sep-none fusion-title-text fusion-title-size-one\" style=\"--awb-text-color:#ffffff;--awb-font-size:48px;\"><h1 class=\"title-heading-left fusion-responsive-typography-calculated\" style=\"font-family:&quot;IBM Plex Sans&quot;;font-style:normal;font-weight:600;margin:0;font-size:1em;letter-spacing:-0.015em;text-transform:none;--fontSize:48;line-height:1.4;\">od 99z\u0142*\/mc<\/h1><\/div><div ><a class=\"fusion-button button-flat fusion-button-default-size button-custom fusion-button-default button-1 fusion-button-span-yes fusion-button-default-type\" style=\"--button_accent_color:#ffffff;--button_border_color:#ff871a;--button_accent_hover_color:#ffffff;--button_border_hover_color:#ffffff;--button_border_width-top:2px;--button_border_width-right:2px;--button_border_width-bottom:2px;--button_border_width-left:2px;--button-border-radius-top-left:0;--button-border-radius-top-right:0;--button-border-radius-bottom-right:0;--button-border-radius-bottom-left:0;--button_gradient_top_color:#ff871a;--button_gradient_bottom_color:#ff871a;--button_gradient_top_color_hover:rgba(255,136,26,0);--button_gradient_bottom_color_hover:rgba(255,136,26,0);--button_text_transform:capitalize;--button_font_size:20px;--button_line_height:1;--button_padding-top:20px;--button_padding-bottom:23px;--button_typography-letter-spacing:-0.025em;--button_typography-font-family:&quot;IBM Plex Sans&quot;;--button_typography-font-style:normal;--button_typography-font-weight:600;--button_margin-top:25px;\" target=\"_self\" data-hover=\"icon_slide\" href=\"#\"><span class=\"fusion-button-text\">WYBIERAM<\/span><\/a><\/div><\/div><\/div><\/div><div class=\"fusion-builder-row fusion-builder-row-inner fusion-row fusion-flex-align-items-center\" style=\"width:104% !important;max-width:104% !important;margin-left: calc(-4% \/ 2 );margin-right: calc(-4% \/ 2 );\"><div class=\"fusion-layout-column fusion_builder_column_inner fusion-builder-nested-column-1 fusion_builder_column_inner_1_1 1_1 fusion-flex-column\" style=\"--awb-padding-right:50px;--awb-padding-left:50px;--awb-bg-size:cover;--awb-width-large:100%;--awb-margin-top-large:0px;--awb-spacing-right-large:1.92%;--awb-margin-bottom-large:0px;--awb-spacing-left-large:1.92%;--awb-width-medium:100%;--awb-order-medium:0;--awb-spacing-right-medium:1.92%;--awb-spacing-left-medium:1.92%;--awb-width-small:100%;--awb-order-small:0;--awb-spacing-right-small:1.92%;--awb-spacing-left-small:1.92%;\"><div class=\"fusion-column-wrapper fusion-column-has-shadow fusion-flex-justify-content-flex-start fusion-content-layout-column\"><ul style=\"--awb-size:16px;--awb-item-padding-top:15px;--awb-iconcolor:#ff871a;--awb-textcolor:#100033;--awb-line-height:27.2px;--awb-icon-width:27.2px;--awb-icon-height:27.2px;--awb-icon-margin:11.2px;--awb-content-margin:38.4px;\" class=\"fusion-checklist fusion-checklist-1 type-icons\"><li class=\"fusion-li-item\" style=\"\"><span class=\"icon-wrapper circle-no\"><i class=\"fusion-li-icon hosting-template-check-box\" aria-hidden=\"true\"><\/i><\/span><div class=\"fusion-li-item-content\">120m2 Serwerowni Parku Przemys\u0142owego \u0141om\u017ca<\/div><\/li><li class=\"fusion-li-item\" style=\"\"><span class=\"icon-wrapper circle-no\"><i class=\"fusion-li-icon hosting-template-check-box\" aria-hidden=\"true\"><\/i><\/span><div class=\"fusion-li-item-content\">\n<div class=\"sc-t583lz-0 esHxiJ\">\n<div class=\"sc-1o6ok7s-10 bvZQHv\">\n<div class=\"sc-1o6ok7s-9 ccUTez\">\n<p class=\"sc-pjfaic-0 hHGMFt sc-1vxfrps-0 sc-1o6ok7s-13 fvARTy\"><span class=\"sc-pjfaic-0 hHGMFt\">Transfer <\/span><strong class=\"sc-pjfaic-0 jWNgdG\">bez limitu<\/strong><\/p>\n<\/div>\n<\/div>\n<\/div>\n<\/div><\/li><li class=\"fusion-li-item\" style=\"\"><span class=\"icon-wrapper circle-no\"><i class=\"fusion-li-icon hosting-template-check-box\" aria-hidden=\"true\"><\/i><\/span><div class=\"fusion-li-item-content\">\n<p>Wsparcie do\u015bwiadczonych administrator\u00f3w<\/p>\n<\/div><\/li><li class=\"fusion-li-item\" style=\"\"><span class=\"icon-wrapper circle-no\"><i class=\"fusion-li-icon hosting-template-check-box\" aria-hidden=\"true\"><\/i><\/span><div class=\"fusion-li-item-content\">\n<p>Stabilny i tani hosting<\/p>\n<\/div><\/li><li class=\"fusion-li-item\" style=\"\"><span class=\"icon-wrapper circle-no\"><i class=\"fusion-li-icon hosting-template-check-box\" aria-hidden=\"true\"><\/i><\/span><div class=\"fusion-li-item-content\">\n<p>Kopie zapasowe i odzyskiwanie danych<\/p>\n<\/div><\/li><li class=\"fusion-li-item\" style=\"\"><span class=\"icon-wrapper circle-no\"><i class=\"fusion-li-icon hosting-template-check-box\" aria-hidden=\"true\"><\/i><\/span><div class=\"fusion-li-item-content\">\n<p>Pomoc w konfiguracji i migracji danych<\/p>\n<\/div><\/li><li class=\"fusion-li-item\" style=\"\"><span class=\"icon-wrapper circle-no\"><i class=\"fusion-li-icon hosting-template-check-box\" aria-hidden=\"true\"><\/i><\/span><div class=\"fusion-li-item-content\">Poczta e-mail<\/div><\/li><\/ul><\/div><\/div><\/div><div class=\"fusion-text fusion-text-2\"><p style=\"text-align: right;\">*netto<\/p>\n<\/div><\/div><\/div><div class=\"fusion-layout-column fusion_builder_column fusion-builder-column-1 fusion_builder_column_1_2 1_2 fusion-flex-column fusion-flex-align-self-flex-start\" style=\"--awb-padding-top:0px;--awb-bg-size:cover;--awb-box-shadow:0px 0px 25px 15px rgba(16,0,51,0.05);;--awb-width-large:50%;--awb-margin-top-large:0px;--awb-spacing-right-large:3.84%;--awb-margin-bottom-large:25px;--awb-spacing-left-large:3.84%;--awb-width-medium:50%;--awb-order-medium:0;--awb-spacing-right-medium:3.84%;--awb-spacing-left-medium:3.84%;--awb-width-small:100%;--awb-order-small:0;--awb-spacing-right-small:1.92%;--awb-spacing-left-small:1.92%;\"><div class=\"fusion-column-wrapper fusion-column-has-shadow fusion-flex-justify-content-flex-start fusion-content-layout-column\"><div class=\"fusion-builder-row fusion-builder-row-inner fusion-row fusion-flex-align-items-center\" style=\"width:104% !important;max-width:104% !important;margin-left: calc(-4% \/ 2 );margin-right: calc(-4% \/ 2 );\"><div class=\"fusion-layout-column fusion_builder_column_inner fusion-builder-nested-column-2 fusion_builder_column_inner_1_1 1_1 fusion-flex-column\" style=\"--awb-padding-top:50px;--awb-padding-right:50px;--awb-padding-bottom:60px;--awb-padding-left:50px;--awb-bg-image:linear-gradient(170deg, #006db1 0%,#100033 100%);--awb-bg-size:cover;--awb-width-large:100%;--awb-margin-top-large:25px;--awb-spacing-right-large:1.92%;--awb-margin-bottom-large:0px;--awb-spacing-left-large:1.92%;--awb-width-medium:100%;--awb-order-medium:0;--awb-spacing-right-medium:1.92%;--awb-spacing-left-medium:1.92%;--awb-width-small:100%;--awb-order-small:0;--awb-spacing-right-small:1.92%;--awb-spacing-left-small:1.92%;\"><div class=\"fusion-column-wrapper fusion-column-has-shadow fusion-flex-justify-content-flex-start fusion-content-layout-column\"><div class=\"fusion-text fusion-text-3 fusion-text-no-margin\" style=\"--awb-font-size:30px;--awb-line-height:1.8;--awb-letter-spacing:-0.015em;--awb-text-transform:var(--awb-typography2-text-transform);--awb-text-color:#ffffff;--awb-text-font-family:&quot;IBM Plex Sans&quot;;--awb-text-font-style:normal;--awb-text-font-weight:400;\"><p><strong>KOLOKACJA<\/strong><\/p>\n<\/div><div class=\"fusion-title title fusion-title-2 fusion-sep-none fusion-title-text fusion-title-size-one\" style=\"--awb-text-color:#ffffff;--awb-font-size:48px;\"><h1 class=\"title-heading-left fusion-responsive-typography-calculated\" style=\"font-family:&quot;IBM Plex Sans&quot;;font-style:normal;font-weight:600;margin:0;font-size:1em;letter-spacing:-0.015em;text-transform:none;--fontSize:48;line-height:1.4;\">od 189z\u0142*\/mc<\/h1><\/div><div ><a class=\"fusion-button button-flat fusion-button-default-size button-custom fusion-button-default button-2 fusion-button-span-yes fusion-button-default-type\" style=\"--button_accent_color:#ffffff;--button_border_color:#ffffff;--button_accent_hover_color:var(--awb-color1);--button_border_hover_color:#ff871a;--button_border_width-top:2px;--button_border_width-right:2px;--button_border_width-bottom:2px;--button_border_width-left:2px;--button-border-radius-top-left:0;--button-border-radius-top-right:0;--button-border-radius-bottom-right:0;--button-border-radius-bottom-left:0;--button_gradient_top_color:rgba(255,136,26,0);--button_gradient_bottom_color:rgba(255,136,26,0);--button_gradient_top_color_hover:#ff871a;--button_gradient_bottom_color_hover:#ff871a;--button_text_transform:capitalize;--button_font_size:20px;--button_line_height:1;--button_padding-top:20px;--button_padding-bottom:23px;--button_typography-letter-spacing:-0.025em;--button_typography-font-family:&quot;IBM Plex Sans&quot;;--button_typography-font-style:normal;--button_typography-font-weight:600;--button_margin-top:25px;\" target=\"_self\" data-hover=\"icon_slide\" href=\"#\"><span class=\"fusion-button-text\">WYBIERAM<\/span><\/a><\/div><\/div><\/div><\/div><div class=\"fusion-builder-row fusion-builder-row-inner fusion-row fusion-flex-align-items-center\" style=\"width:104% !important;max-width:104% !important;margin-left: calc(-4% \/ 2 );margin-right: calc(-4% \/ 2 );\"><div class=\"fusion-layout-column fusion_builder_column_inner fusion-builder-nested-column-3 fusion_builder_column_inner_1_1 1_1 fusion-flex-column\" style=\"--awb-padding-right:50px;--awb-padding-left:50px;--awb-bg-size:cover;--awb-width-large:100%;--awb-margin-top-large:0px;--awb-spacing-right-large:1.92%;--awb-margin-bottom-large:0px;--awb-spacing-left-large:1.92%;--awb-width-medium:100%;--awb-order-medium:0;--awb-spacing-right-medium:1.92%;--awb-spacing-left-medium:1.92%;--awb-width-small:100%;--awb-order-small:0;--awb-spacing-right-small:1.92%;--awb-spacing-left-small:1.92%;\"><div class=\"fusion-column-wrapper fusion-column-has-shadow fusion-flex-justify-content-flex-start fusion-content-layout-column\"><ul style=\"--awb-size:16px;--awb-item-padding-top:15px;--awb-iconcolor:#ff871a;--awb-textcolor:#100033;--awb-line-height:27.2px;--awb-icon-width:27.2px;--awb-icon-height:27.2px;--awb-icon-margin:11.2px;--awb-content-margin:38.4px;\" class=\"fusion-checklist fusion-checklist-2 type-icons\"><li class=\"fusion-li-item\" style=\"\"><span class=\"icon-wrapper circle-no\"><i class=\"fusion-li-icon hosting-template-check-box\" aria-hidden=\"true\"><\/i><\/span><div class=\"fusion-li-item-content\">\n<p>Ca\u0142odobowa ochrona i wsparcie techniczne<\/p>\n<\/div><\/li><li class=\"fusion-li-item\" style=\"\"><span class=\"icon-wrapper circle-no\"><i class=\"fusion-li-icon hosting-template-check-box\" aria-hidden=\"true\"><\/i><\/span><div class=\"fusion-li-item-content\">\n<p>Zasilanie UPS<\/p>\n<\/div><\/li><li class=\"fusion-li-item\" style=\"\"><span class=\"icon-wrapper circle-no\"><i class=\"fusion-li-icon hosting-template-check-box\" aria-hidden=\"true\"><\/i><\/span><div class=\"fusion-li-item-content\">\n<p>Dost\u0119p fizyczny do serwera w asy\u015bcie specjalisty<\/p>\n<\/div><\/li><li class=\"fusion-li-item\" style=\"\"><span class=\"icon-wrapper circle-no\"><i class=\"fusion-li-icon hosting-template-check-box\" aria-hidden=\"true\"><\/i><\/span><div class=\"fusion-li-item-content\">\n<p>Ci\u0105g\u0142y dost\u0119p serwisowy w trybie 24\/7\/365<\/p>\n<\/div><\/li><li class=\"fusion-li-item\" style=\"\"><span class=\"icon-wrapper circle-no\"><i class=\"fusion-li-icon hosting-template-check-box\" aria-hidden=\"true\"><\/i><\/span><div class=\"fusion-li-item-content\">\n<p>Monitoring zewn\u0119trzny i wewn\u0119trzny<\/p>\n<\/div><\/li><li class=\"fusion-li-item\" style=\"\"><span class=\"icon-wrapper circle-no\"><i class=\"fusion-li-icon hosting-template-check-box\" aria-hidden=\"true\"><\/i><\/span><div class=\"fusion-li-item-content\">\n<p>Klimatyzacja precyzyjna<\/p>\n<\/div><\/li><li class=\"fusion-li-item\" style=\"\"><span class=\"icon-wrapper circle-no\"><i class=\"fusion-li-icon hosting-template-check-box\" aria-hidden=\"true\"><\/i><\/span><div class=\"fusion-li-item-content\"><strong>Mo\u017cliwo\u015b\u0107 kolokacji szafy 42U<\/strong><\/div><\/li><\/ul><\/div><\/div><\/div><div class=\"fusion-text fusion-text-4\"><p style=\"text-align: right;\">*netto<\/p>\n<\/div><\/div><\/div><\/div><\/div>\n","protected":false},"excerpt":{"rendered":"","protected":false},"author":1,"featured_media":0,"parent":0,"menu_order":0,"comment_status":"closed","ping_status":"closed","template":"","meta":{"content-type":"","footnotes":""},"class_list":["post-1475","page","type-page","status-publish","hentry"],"acf":[],"yoast_head":"<!-- This site is optimized with the Yoast SEO plugin v20.8 - https:\/\/yoast.com\/wordpress\/plugins\/seo\/ -->\n<title>Hosting \/ VPS \/ Kolokacja - Park Przemys\u0142owy \u0141om\u017ca Sp. z o.o.<\/title>\n<meta name=\"robots\" content=\"index, follow, max-snippet:-1, max-image-preview:large, max-video-preview:-1\" \/>\n<link rel=\"canonical\" href=\"http:\/\/www.parklomza.pl\/?page_id=1475\" \/>\n<meta property=\"og:locale\" content=\"pl_PL\" \/>\n<meta property=\"og:type\" content=\"article\" \/>\n<meta property=\"og:title\" content=\"Hosting \/ VPS \/ Kolokacja - Park Przemys\u0142owy \u0141om\u017ca Sp. z o.o.\" \/>\n<meta property=\"og:url\" content=\"http:\/\/www.parklomza.pl\/?page_id=1475\" \/>\n<meta property=\"og:site_name\" content=\"Park Przemys\u0142owy \u0141om\u017ca Sp. z o.o.\" \/>\n<meta property=\"article:modified_time\" content=\"2023-05-01T20:17:50+00:00\" \/>\n<meta name=\"twitter:card\" content=\"summary_large_image\" \/>\n<meta name=\"twitter:label1\" content=\"Szacowany czas czytania\" \/>\n\t<meta name=\"twitter:data1\" content=\"13 minut\" \/>\n<script type=\"application\/ld+json\" class=\"yoast-schema-graph\">{\"@context\":\"https:\/\/schema.org\",\"@graph\":[{\"@type\":\"WebPage\",\"@id\":\"http:\/\/www.parklomza.pl\/?page_id=1475\",\"url\":\"http:\/\/www.parklomza.pl\/?page_id=1475\",\"name\":\"Hosting \/ VPS \/ Kolokacja - Park Przemys\u0142owy \u0141om\u017ca Sp. z o.o.\",\"isPartOf\":{\"@id\":\"http:\/\/www.parklomza.pl\/#website\"},\"datePublished\":\"2023-05-01T00:39:41+00:00\",\"dateModified\":\"2023-05-01T20:17:50+00:00\",\"breadcrumb\":{\"@id\":\"http:\/\/www.parklomza.pl\/?page_id=1475#breadcrumb\"},\"inLanguage\":\"pl-PL\",\"potentialAction\":[{\"@type\":\"ReadAction\",\"target\":[\"http:\/\/www.parklomza.pl\/?page_id=1475\"]}]},{\"@type\":\"BreadcrumbList\",\"@id\":\"http:\/\/www.parklomza.pl\/?page_id=1475#breadcrumb\",\"itemListElement\":[{\"@type\":\"ListItem\",\"position\":1,\"name\":\"Strona g\u0142\u00f3wna\",\"item\":\"http:\/\/www.parklomza.pl\/\"},{\"@type\":\"ListItem\",\"position\":2,\"name\":\"Hosting \/ VPS \/ Kolokacja\"}]},{\"@type\":\"WebSite\",\"@id\":\"http:\/\/www.parklomza.pl\/#website\",\"url\":\"http:\/\/www.parklomza.pl\/\",\"name\":\"Park Przemys\u0142owy \u0141om\u017ca Sp. z o.o.\",\"description\":\"\",\"potentialAction\":[{\"@type\":\"SearchAction\",\"target\":{\"@type\":\"EntryPoint\",\"urlTemplate\":\"http:\/\/www.parklomza.pl\/?s={search_term_string}\"},\"query-input\":\"required name=search_term_string\"}],\"inLanguage\":\"pl-PL\"}]}<\/script>\n<!-- \/ Yoast SEO plugin. -->","yoast_head_json":{"title":"Hosting \/ VPS \/ Kolokacja - Park Przemys\u0142owy \u0141om\u017ca Sp. z o.o.","robots":{"index":"index","follow":"follow","max-snippet":"max-snippet:-1","max-image-preview":"max-image-preview:large","max-video-preview":"max-video-preview:-1"},"canonical":"http:\/\/www.parklomza.pl\/?page_id=1475","og_locale":"pl_PL","og_type":"article","og_title":"Hosting \/ VPS \/ Kolokacja - Park Przemys\u0142owy \u0141om\u017ca Sp. z o.o.","og_url":"http:\/\/www.parklomza.pl\/?page_id=1475","og_site_name":"Park Przemys\u0142owy \u0141om\u017ca Sp. z o.o.","article_modified_time":"2023-05-01T20:17:50+00:00","twitter_card":"summary_large_image","twitter_misc":{"Szacowany czas czytania":"13 minut"},"schema":{"@context":"https:\/\/schema.org","@graph":[{"@type":"WebPage","@id":"http:\/\/www.parklomza.pl\/?page_id=1475","url":"http:\/\/www.parklomza.pl\/?page_id=1475","name":"Hosting \/ VPS \/ Kolokacja - Park Przemys\u0142owy \u0141om\u017ca Sp. z o.o.","isPartOf":{"@id":"http:\/\/www.parklomza.pl\/#website"},"datePublished":"2023-05-01T00:39:41+00:00","dateModified":"2023-05-01T20:17:50+00:00","breadcrumb":{"@id":"http:\/\/www.parklomza.pl\/?page_id=1475#breadcrumb"},"inLanguage":"pl-PL","potentialAction":[{"@type":"ReadAction","target":["http:\/\/www.parklomza.pl\/?page_id=1475"]}]},{"@type":"BreadcrumbList","@id":"http:\/\/www.parklomza.pl\/?page_id=1475#breadcrumb","itemListElement":[{"@type":"ListItem","position":1,"name":"Strona g\u0142\u00f3wna","item":"http:\/\/www.parklomza.pl\/"},{"@type":"ListItem","position":2,"name":"Hosting \/ VPS \/ Kolokacja"}]},{"@type":"WebSite","@id":"http:\/\/www.parklomza.pl\/#website","url":"http:\/\/www.parklomza.pl\/","name":"Park Przemys\u0142owy \u0141om\u017ca Sp. z o.o.","description":"","potentialAction":[{"@type":"SearchAction","target":{"@type":"EntryPoint","urlTemplate":"http:\/\/www.parklomza.pl\/?s={search_term_string}"},"query-input":"required name=search_term_string"}],"inLanguage":"pl-PL"}]}},"_links":{"self":[{"href":"http:\/\/www.parklomza.pl\/index.php?rest_route=\/wp\/v2\/pages\/1475","targetHints":{"allow":["GET"]}}],"collection":[{"href":"http:\/\/www.parklomza.pl\/index.php?rest_route=\/wp\/v2\/pages"}],"about":[{"href":"http:\/\/www.parklomza.pl\/index.php?rest_route=\/wp\/v2\/types\/page"}],"author":[{"embeddable":true,"href":"http:\/\/www.parklomza.pl\/index.php?rest_route=\/wp\/v2\/users\/1"}],"replies":[{"embeddable":true,"href":"http:\/\/www.parklomza.pl\/index.php?rest_route=%2Fwp%2Fv2%2Fcomments&post=1475"}],"version-history":[{"count":34,"href":"http:\/\/www.parklomza.pl\/index.php?rest_route=\/wp\/v2\/pages\/1475\/revisions"}],"predecessor-version":[{"id":1545,"href":"http:\/\/www.parklomza.pl\/index.php?rest_route=\/wp\/v2\/pages\/1475\/revisions\/1545"}],"wp:attachment":[{"href":"http:\/\/www.parklomza.pl\/index.php?rest_route=%2Fwp%2Fv2%2Fmedia&parent=1475"}],"curies":[{"name":"wp","href":"https:\/\/api.w.org\/{rel}","templated":true}]}}