{"id":1437,"date":"2023-05-01T01:18:23","date_gmt":"2023-04-30T23:18:23","guid":{"rendered":"http:\/\/www.parklomza.pl\/?page_id=1437"},"modified":"2026-03-11T09:46:15","modified_gmt":"2026-03-11T08:46:15","slug":"wirtualne-biuro","status":"publish","type":"page","link":"http:\/\/www.parklomza.pl\/?page_id=1437","title":{"rendered":"Wirtualne Biuro"},"content":{"rendered":"<div class=\"fusion-fullwidth fullwidth-box fusion-builder-row-1 fusion-flex-container has-pattern-background has-mask-background nonhundred-percent-fullwidth non-hundred-percent-height-scrolling\" style=\"--awb-border-radius-top-left:0px;--awb-border-radius-top-right:0px;--awb-border-radius-bottom-right:0px;--awb-border-radius-bottom-left:0px;--awb-padding-top:0px;--awb-margin-top:0px;\" ><div class=\"fusion-builder-row fusion-row fusion-flex-align-items-flex-start\" style=\"max-width:1206.4px;margin-left: calc(-4% \/ 2 );margin-right: calc(-4% \/ 2 );\"><div class=\"fusion-layout-column fusion_builder_column fusion-builder-column-0 fusion_builder_column_1_2 1_2 fusion-flex-column\" style=\"--awb-overflow:hidden;--awb-bg-size:cover;--awb-border-color:#e0e0e0;--awb-border-top:2px;--awb-border-right:2px;--awb-border-bottom:2px;--awb-border-left:2px;--awb-border-style:solid;--awb-border-radius:2px 2px 2px 2px;--awb-width-large:50%;--awb-margin-top-large:0px;--awb-spacing-right-large:3.84%;--awb-margin-bottom-large:11px;--awb-spacing-left-large:3.84%;--awb-width-medium:100%;--awb-order-medium:0;--awb-spacing-right-medium:1.92%;--awb-spacing-left-medium:1.92%;--awb-width-small:100%;--awb-order-small:0;--awb-spacing-right-small:1.92%;--awb-spacing-left-small:1.92%;\"><div class=\"fusion-column-wrapper fusion-column-has-shadow fusion-flex-justify-content-flex-start fusion-content-layout-column\"><div style=\"text-align:center;\"><a class=\"fusion-button button-flat fusion-button-default-size button-custom fusion-button-default button-1 fusion-button-span-yes fusion-animated fusion-has-button-gradient\" style=\"--button_bevel_color:var(--awb-color7);--button_bevel_color_hover:var(--awb-color8);--button_accent_color:var(--awb-color1);--button_border_color:var(--awb-color3);--button_accent_hover_color:var(--awb-color1);--button_border_hover_color:var(--awb-color5);--button_border_width-top:0px;--button_border_width-right:0px;--button_border_width-bottom:5px;--button_border_width-left:0px;--button-border-radius-top-left:0px;--button-border-radius-top-right:0px;--button-border-radius-bottom-right:0px;--button-border-radius-bottom-left:0px;--button_gradient_angle:50deg;--button_gradient_top_color:var(--awb-color6);--button_gradient_bottom_color:var(--awb-color5);--button_gradient_top_color_hover:var(--awb-color6);--button_gradient_bottom_color_hover:var(--awb-color7);--button_text_transform:capitalize;--button_font_size:22px;--button_padding-top:24px;--button_padding-right:60px;--button_padding-bottom:24px;--button_padding-left:60px;--button_typography-letter-spacing:0em;--button_typography-font-family:&quot;Inter&quot;;--button_typography-font-style:normal;--button_typography-font-weight:500;--awb-animation-color:var(--awb-color8);\" data-animationType=\"revealInDown\" data-animationDuration=\"0.6\" data-animationOffset=\"top-into-view\" target=\"_self\" data-hover=\"icon_slide\" href=\"#\"><i class=\"icon-ui-Frame-68 button-icon-left\" aria-hidden=\"true\"><\/i><span class=\"fusion-button-text\">WIRTUALNA FIRMA<\/span><\/a><\/div><div class=\"fusion-text fusion-text-1\" style=\"--awb-font-size:16px;--awb-text-transform:none;--awb-text-font-family:&quot;Lato&quot;;--awb-text-font-style:normal;--awb-text-font-weight:400;\"><div class=\"et_pb_text et_pb_module et_pb_bg_layout_light et_pb_text_align_left et_pb_text_2\">\n<div class=\"et_pb_text_inner\"><\/div>\n<div class=\"et_pb_text_inner\">\n<ul>\n<li>\u0141om\u017cy\u0144ska Izba Przemys\u0142owo-Handlowa<\/li>\n<li>Bonko Sp. z o.o.<\/li>\n<li>HUS-BUD Sp. z o.o.<\/li>\n<li>KORAL Sp.z o.o.<\/li>\n<li>Fundacja Kompania Kresowa<\/li>\n<li>DEEPWATER Sp. z o.o.<\/li>\n<li>Energy Invest Sp. z o.o.<\/li>\n<li>InvictuIT Karol Soko\u0142owski<\/li>\n<li>VALIDUS Sp. z o. o.<\/li>\n<li>Fundacja DESEO<\/li>\n<li>Fundacja DESEO HOME<\/li>\n<li>WIOD Sp. z o. o.<\/li>\n<li>NANOO PRINTERS Sp. z o. o.<\/li>\n<li>Kancelaria Adwokacka Adwokat Marek Garwarski<\/li>\n<li>B&amp;L Express Sp. z o.o.<\/li>\n<li>Cloudsty Sp. z o.o.<\/li>\n<li>California OPS Sp. z o.o<\/li>\n<li>Rafa\u0142 Kalinowski<\/li>\n<li>Medifactory Sp. z o. o.<\/li>\n<li>Pora na Pola SA<\/li>\n<li>SynthAI Research PSA<\/li>\n<li>EVOBOT 2 Sp. z o. o.<\/li>\n<li>DataCAD Sp. z o. o.<\/li>\n<li>PV LUBOMINO Sp. z o. o.<\/li>\n<li>S.R. Sp. z o.o.<\/li>\n<li>Brothers Trade Company Sp. z o. o<\/li>\n<li>TherapiQ Sp. z o. o<\/li>\n<li>ANGELA Sp. z o. o.<\/li>\n<li>Krzysztof Tomaszewski<\/li>\n<li>ALBUM NEXUM Sp. z o. o.<\/li>\n<li>ETRANS24 Sp. z o.o.<\/li>\n<li>BlankLogic AI Sp. z o. o.<\/li>\n<li>Fundacja Student na Swoim<\/li>\n<li>HEYFIBO.COM PSA<\/li>\n<li>DROFI Sp. z o.o.<\/li>\n<\/ul>\n<\/div>\n<\/div>\n<\/div><\/div><\/div><div class=\"fusion-layout-column fusion_builder_column fusion-builder-column-1 fusion_builder_column_1_2 1_2 fusion-flex-column\" style=\"--awb-overflow:hidden;--awb-bg-size:cover;--awb-border-color:#e2e2e2;--awb-border-top:2px;--awb-border-right:2px;--awb-border-bottom:2px;--awb-border-left:2px;--awb-border-style:solid;--awb-border-radius:2px 2px 2px 2px;--awb-width-large:50%;--awb-margin-top-large:0px;--awb-spacing-right-large:3.84%;--awb-margin-bottom-large:25px;--awb-spacing-left-large:3.84%;--awb-width-medium:100%;--awb-order-medium:0;--awb-spacing-right-medium:1.92%;--awb-spacing-left-medium:1.92%;--awb-width-small:100%;--awb-order-small:0;--awb-spacing-right-small:1.92%;--awb-spacing-left-small:1.92%;\"><div class=\"fusion-column-wrapper fusion-column-has-shadow fusion-flex-justify-content-flex-start fusion-content-layout-column\"><div style=\"text-align:center;\"><a class=\"fusion-button button-flat fusion-button-default-size button-custom fusion-button-default button-2 fusion-button-span-yes fusion-animated fusion-has-button-gradient\" style=\"--button_bevel_color:var(--awb-color7);--button_bevel_color_hover:var(--awb-color8);--button_accent_color:var(--awb-color1);--button_border_color:var(--awb-color3);--button_accent_hover_color:var(--awb-color1);--button_border_hover_color:var(--awb-color5);--button_border_width-top:0px;--button_border_width-right:0px;--button_border_width-bottom:5px;--button_border_width-left:0px;--button-border-radius-top-left:0px;--button-border-radius-top-right:0px;--button-border-radius-bottom-right:0px;--button-border-radius-bottom-left:0px;--button_gradient_angle:50deg;--button_gradient_top_color:var(--awb-color6);--button_gradient_bottom_color:var(--awb-color5);--button_gradient_top_color_hover:var(--awb-color6);--button_gradient_bottom_color_hover:var(--awb-color7);--button_text_transform:capitalize;--button_font_size:22px;--button_padding-top:24px;--button_padding-right:60px;--button_padding-bottom:24px;--button_padding-left:60px;--button_typography-letter-spacing:0em;--button_typography-font-family:&quot;Inter&quot;;--button_typography-font-style:normal;--button_typography-font-weight:500;--awb-animation-color:var(--awb-color8);\" data-animationType=\"revealInDown\" data-animationDuration=\"0.6\" data-animationOffset=\"top-into-view\" target=\"_self\" data-hover=\"icon_slide\" href=\"#\"><i class=\"icon-ui-Frame-68 button-icon-left\" aria-hidden=\"true\"><\/i><span class=\"fusion-button-text\">WIRTUALNY ADRES<\/span><\/a><\/div><div class=\"fusion-text fusion-text-2\" style=\"--awb-font-size:16px;--awb-text-transform:none;--awb-text-font-family:&quot;Lato&quot;;--awb-text-font-style:normal;--awb-text-font-weight:400;\"><div class=\"et_pb_text et_pb_module et_pb_bg_layout_light et_pb_text_align_left et_pb_text_2\">\n<div class=\"et_pb_text_inner\">\n<ul>\n<li>Ann Marie Sp. z o.o.<\/li>\n<li>NARDA STUDIO Damian Narodzonek<\/li>\n<li>PIOTRS\u201d Piotr Stasi\u0144ski, PIOTRS Sp. z o.o. Sp\u00f3\u0142ka Jawna<\/li>\n<li>JKE Janusz Korsan<\/li>\n<li>Fundacja Sportu Dzieci i M\u0142odzie\u017cy \u201ePodw\u00f3rkowy Football\u201d<\/li>\n<li>NEAM Sp. z o. o.<\/li>\n<li>EDO ENERGY Sp. z o. o.<\/li>\n<li>PiotrS Sp. z o. o.<\/li>\n<li>MOTOMATKA Sp. z o.o.<\/li>\n<li>FUNDACJA LEXON<\/li>\n<li>BWM Express Sp. z o.o.<\/li>\n<li>EXPRESS HOUSE Kurzawa D\u0105browski Smalkowski Szubzda Sp. J.<\/li>\n<li>Fundacja PROJEKT \u017bYCIE<\/li>\n<li>BUVETTE Sp. z o. o.<\/li>\n<li>WIZARDING GAMES Sp. z o. o.<\/li>\n<li>BLUEINTEGER Sp. z o.o.<\/li>\n<li>BHO Zbigniew Sakowski<\/li>\n<li>HOME INVEST Sp. z o. o.<\/li>\n<li>VETAMED Sp. z o. o.<\/li>\n<li><span lang=\"EN-US\">WWW Eliza Rogowska<\/span><\/li>\n<li><span lang=\"EN-US\">MULA GROUP Sp. z o. o. <\/span><\/li>\n<li>NUMIO PRODUCTION Sp. z o.o.<\/li>\n<li>Finish Group Agnieszka Ba\u0142azy<\/li>\n<li>Robotyczne Przygody \u2013 Akademia Robotyki dla dzieci<\/li>\n<li>ActionLabs Sp. z o. o<\/li>\n<li>\u0141ukasz Waga<\/li>\n<li>AUTOMATYKOWNIA Sp. z o. o.<\/li>\n<li>MACSIM Sp. z o.o.<\/li>\n<li>Tomasz \u015amiechowski<\/li>\n<li>ASKZA Sp. z o.o.<\/li>\n<li>SALE2BUSINESS IWANEK, WI\u015aNIEWSKI Sp. J.<\/li>\n<li>KTM-Trans Pawe\u0142 Lutosta\u0144ski<\/li>\n<li>SOFT GC CYCHOL SP\u00d3\u0141KA JAWNA<\/li>\n<li>CONDENSA Berli\u0144ski Sp. K.<\/li>\n<li>Fit Me Bike Sp. z o.o.<\/li>\n<li>DD Investments Daniel Dudek<\/li>\n<li>Human Capital Sp. z o.o. Oddzia\u0142 w Polsce<\/li>\n<li><span style=\"background-color: rgba(0, 0, 0, 0);\">Eurokadra Sp. z o.o. Oddzia\u0142 w Polsce<\/span><\/li>\n<li>UPWAYDATA Sp. z o.o.<\/li>\n<li>SMART GO Marcin Sadli\u0144ski<\/li>\n<li>4SUN Energy Sp. z o.o<\/li>\n<li>Wodoci\u0105gi \u0141om\u017cy\u0144skie Rafa\u0142 Chaberek<\/li>\n<li>TIMOLEON Sp. z o. o. w likwidacji<\/li>\n<li>WALLMISTRZ Sp. z o. o.<\/li>\n<li>Atleciaki \u2013 Strefa Sportu<\/li>\n<\/ul>\n<\/div>\n<\/div>\n<\/div><\/div><\/div><div class=\"fusion-layout-column fusion_builder_column fusion-builder-column-2 fusion_builder_column_1_1 1_1 fusion-flex-column\" style=\"--awb-bg-size:cover;--awb-width-large:100%;--awb-margin-top-large:13px;--awb-spacing-right-large:1.92%;--awb-margin-bottom-large:0px;--awb-spacing-left-large:1.92%;--awb-width-medium:100%;--awb-order-medium:0;--awb-spacing-right-medium:1.92%;--awb-spacing-left-medium:1.92%;--awb-width-small:100%;--awb-order-small:0;--awb-spacing-right-small:1.92%;--awb-spacing-left-small:1.92%;\"><div class=\"fusion-column-wrapper fusion-column-has-shadow fusion-flex-justify-content-flex-start fusion-content-layout-column\"><div ><a class=\"fusion-button button-flat fusion-button-default-size button-custom fusion-button-default button-3 fusion-button-span-yes awb-b-icon-pos-left\" style=\"--button_accent_color:#ffffff;--button_border_color:#e2e2e2;--button_accent_hover_color:var(--awb-color1);--button_border_hover_color:var(--awb-color5);--button_border_width-top:3px;--button_border_width-right:3px;--button_border_width-bottom:3px;--button_border_width-left:3px;--button_gradient_angle:144deg;--button_gradient_top_color:var(--awb-color8);--button_gradient_bottom_color:var(--awb-color8);--button_gradient_top_color_hover:var(--awb-color5);--button_gradient_bottom_color_hover:var(--awb-color5);--button_text_transform:uppercase;--button_font_size:16px;--button_line_height:var(--awb-typography3-line-height);--button_padding-top:20px;--button_padding-right:40px;--button_padding-bottom:20px;--button_padding-left:40px;--button_typography-letter-spacing:var(--awb-typography3-letter-spacing);--button_typography-font-family:&quot;Lato&quot;;--button_typography-font-style:normal;--button_typography-font-weight:700;\" target=\"_self\" data-hover=\"icon_position\" href=\"http:\/\/www.parklomza.pl\/?page_id=1441\"><i class=\"fa-tag fas button-icon-left\" aria-hidden=\"true\"><\/i><i class=\"fa-tag fas button-icon-left\" aria-hidden=\"true\"><\/i><span class=\"fusion-button-text\">SPRAWD\u0179 OFERT\u0118 <\/span><\/a><\/div><\/div><\/div><\/div><\/div>\n","protected":false},"excerpt":{"rendered":"","protected":false},"author":1,"featured_media":0,"parent":0,"menu_order":0,"comment_status":"closed","ping_status":"closed","template":"","meta":{"content-type":"","footnotes":""},"class_list":["post-1437","page","type-page","status-publish","hentry"],"acf":[],"yoast_head":"<!-- This site is optimized with the Yoast SEO plugin v20.8 - https:\/\/yoast.com\/wordpress\/plugins\/seo\/ -->\n<title>Wirtualne Biuro - Park Przemys\u0142owy \u0141om\u017ca Sp. z o.o.<\/title>\n<meta name=\"robots\" content=\"index, follow, max-snippet:-1, max-image-preview:large, max-video-preview:-1\" \/>\n<link rel=\"canonical\" href=\"http:\/\/www.parklomza.pl\/?page_id=1437\" \/>\n<meta property=\"og:locale\" content=\"pl_PL\" \/>\n<meta property=\"og:type\" content=\"article\" \/>\n<meta property=\"og:title\" content=\"Wirtualne Biuro - Park Przemys\u0142owy \u0141om\u017ca Sp. z o.o.\" \/>\n<meta property=\"og:url\" content=\"http:\/\/www.parklomza.pl\/?page_id=1437\" \/>\n<meta property=\"og:site_name\" content=\"Park Przemys\u0142owy \u0141om\u017ca Sp. z o.o.\" \/>\n<meta property=\"article:modified_time\" content=\"2026-03-11T08:46:15+00:00\" \/>\n<meta name=\"twitter:card\" content=\"summary_large_image\" \/>\n<script type=\"application\/ld+json\" class=\"yoast-schema-graph\">{\"@context\":\"https:\/\/schema.org\",\"@graph\":[{\"@type\":\"WebPage\",\"@id\":\"http:\/\/www.parklomza.pl\/?page_id=1437\",\"url\":\"http:\/\/www.parklomza.pl\/?page_id=1437\",\"name\":\"Wirtualne Biuro - Park Przemys\u0142owy \u0141om\u017ca Sp. z o.o.\",\"isPartOf\":{\"@id\":\"http:\/\/www.parklomza.pl\/#website\"},\"datePublished\":\"2023-04-30T23:18:23+00:00\",\"dateModified\":\"2026-03-11T08:46:15+00:00\",\"breadcrumb\":{\"@id\":\"http:\/\/www.parklomza.pl\/?page_id=1437#breadcrumb\"},\"inLanguage\":\"pl-PL\",\"potentialAction\":[{\"@type\":\"ReadAction\",\"target\":[\"http:\/\/www.parklomza.pl\/?page_id=1437\"]}]},{\"@type\":\"BreadcrumbList\",\"@id\":\"http:\/\/www.parklomza.pl\/?page_id=1437#breadcrumb\",\"itemListElement\":[{\"@type\":\"ListItem\",\"position\":1,\"name\":\"Strona g\u0142\u00f3wna\",\"item\":\"http:\/\/www.parklomza.pl\/\"},{\"@type\":\"ListItem\",\"position\":2,\"name\":\"Wirtualne Biuro\"}]},{\"@type\":\"WebSite\",\"@id\":\"http:\/\/www.parklomza.pl\/#website\",\"url\":\"http:\/\/www.parklomza.pl\/\",\"name\":\"Park Przemys\u0142owy \u0141om\u017ca Sp. z o.o.\",\"description\":\"\",\"potentialAction\":[{\"@type\":\"SearchAction\",\"target\":{\"@type\":\"EntryPoint\",\"urlTemplate\":\"http:\/\/www.parklomza.pl\/?s={search_term_string}\"},\"query-input\":\"required name=search_term_string\"}],\"inLanguage\":\"pl-PL\"}]}<\/script>\n<!-- \/ Yoast SEO plugin. -->","yoast_head_json":{"title":"Wirtualne Biuro - Park Przemys\u0142owy \u0141om\u017ca Sp. z o.o.","robots":{"index":"index","follow":"follow","max-snippet":"max-snippet:-1","max-image-preview":"max-image-preview:large","max-video-preview":"max-video-preview:-1"},"canonical":"http:\/\/www.parklomza.pl\/?page_id=1437","og_locale":"pl_PL","og_type":"article","og_title":"Wirtualne Biuro - Park Przemys\u0142owy \u0141om\u017ca Sp. z o.o.","og_url":"http:\/\/www.parklomza.pl\/?page_id=1437","og_site_name":"Park Przemys\u0142owy \u0141om\u017ca Sp. z o.o.","article_modified_time":"2026-03-11T08:46:15+00:00","twitter_card":"summary_large_image","schema":{"@context":"https:\/\/schema.org","@graph":[{"@type":"WebPage","@id":"http:\/\/www.parklomza.pl\/?page_id=1437","url":"http:\/\/www.parklomza.pl\/?page_id=1437","name":"Wirtualne Biuro - Park Przemys\u0142owy \u0141om\u017ca Sp. z o.o.","isPartOf":{"@id":"http:\/\/www.parklomza.pl\/#website"},"datePublished":"2023-04-30T23:18:23+00:00","dateModified":"2026-03-11T08:46:15+00:00","breadcrumb":{"@id":"http:\/\/www.parklomza.pl\/?page_id=1437#breadcrumb"},"inLanguage":"pl-PL","potentialAction":[{"@type":"ReadAction","target":["http:\/\/www.parklomza.pl\/?page_id=1437"]}]},{"@type":"BreadcrumbList","@id":"http:\/\/www.parklomza.pl\/?page_id=1437#breadcrumb","itemListElement":[{"@type":"ListItem","position":1,"name":"Strona g\u0142\u00f3wna","item":"http:\/\/www.parklomza.pl\/"},{"@type":"ListItem","position":2,"name":"Wirtualne Biuro"}]},{"@type":"WebSite","@id":"http:\/\/www.parklomza.pl\/#website","url":"http:\/\/www.parklomza.pl\/","name":"Park Przemys\u0142owy \u0141om\u017ca Sp. z o.o.","description":"","potentialAction":[{"@type":"SearchAction","target":{"@type":"EntryPoint","urlTemplate":"http:\/\/www.parklomza.pl\/?s={search_term_string}"},"query-input":"required name=search_term_string"}],"inLanguage":"pl-PL"}]}},"_links":{"self":[{"href":"http:\/\/www.parklomza.pl\/index.php?rest_route=\/wp\/v2\/pages\/1437","targetHints":{"allow":["GET"]}}],"collection":[{"href":"http:\/\/www.parklomza.pl\/index.php?rest_route=\/wp\/v2\/pages"}],"about":[{"href":"http:\/\/www.parklomza.pl\/index.php?rest_route=\/wp\/v2\/types\/page"}],"author":[{"embeddable":true,"href":"http:\/\/www.parklomza.pl\/index.php?rest_route=\/wp\/v2\/users\/1"}],"replies":[{"embeddable":true,"href":"http:\/\/www.parklomza.pl\/index.php?rest_route=%2Fwp%2Fv2%2Fcomments&post=1437"}],"version-history":[{"count":66,"href":"http:\/\/www.parklomza.pl\/index.php?rest_route=\/wp\/v2\/pages\/1437\/revisions"}],"predecessor-version":[{"id":2524,"href":"http:\/\/www.parklomza.pl\/index.php?rest_route=\/wp\/v2\/pages\/1437\/revisions\/2524"}],"wp:attachment":[{"href":"http:\/\/www.parklomza.pl\/index.php?rest_route=%2Fwp%2Fv2%2Fmedia&parent=1437"}],"curies":[{"name":"wp","href":"https:\/\/api.w.org\/{rel}","templated":true}]}}