{"id":1404,"date":"2023-05-01T01:07:57","date_gmt":"2023-04-30T23:07:57","guid":{"rendered":"http:\/\/www.parklomza.pl\/?page_id=1404"},"modified":"2025-08-01T15:33:48","modified_gmt":"2025-08-01T13:33:48","slug":"lokatorzy","status":"publish","type":"page","link":"http:\/\/www.parklomza.pl\/?page_id=1404","title":{"rendered":"Lokatorzy"},"content":{"rendered":"<div class=\"fusion-fullwidth fullwidth-box fusion-builder-row-1 fusion-flex-container has-pattern-background has-mask-background nonhundred-percent-fullwidth non-hundred-percent-height-scrolling\" style=\"--awb-border-radius-top-left:0px;--awb-border-radius-top-right:0px;--awb-border-radius-bottom-right:0px;--awb-border-radius-bottom-left:0px;\" ><div class=\"fusion-builder-row fusion-row fusion-flex-align-items-flex-start\" style=\"max-width:1206.4px;margin-left: calc(-4% \/ 2 );margin-right: calc(-4% \/ 2 );\"><div class=\"fusion-layout-column fusion_builder_column fusion-builder-column-0 fusion_builder_column_1_1 1_1 fusion-flex-column\" style=\"--awb-bg-size:cover;--awb-width-large:100%;--awb-margin-top-large:25px;--awb-spacing-right-large:1.92%;--awb-margin-bottom-large:25px;--awb-spacing-left-large:1.92%;--awb-width-medium:100%;--awb-order-medium:0;--awb-spacing-right-medium:1.92%;--awb-spacing-left-medium:1.92%;--awb-width-small:100%;--awb-order-small:0;--awb-spacing-right-small:1.92%;--awb-spacing-left-small:1.92%;\"><div class=\"fusion-column-wrapper fusion-column-has-shadow fusion-flex-justify-content-flex-start fusion-content-layout-column\"><div class=\"awb-gallery-wrapper awb-gallery-wrapper-1 button-span-no\" style=\"--more-btn-alignment:center;\"><div style=\"margin:-20px;--awb-bordersize:0px;\" class=\"fusion-gallery fusion-gallery-container fusion-grid-5 fusion-columns-total-22 fusion-gallery-layout-grid fusion-gallery-1\"><div style=\"padding:20px;\" class=\"fusion-grid-column fusion-gallery-column fusion-gallery-column-5 hover-type-none\"><div class=\"fusion-gallery-image\"><a href=\"http:\/\/www.parklomza.pl\/wp-content\/uploads\/2023\/05\/1-1.png\" rel=\"noreferrer\" data-rel=\"iLightbox[gallery_image_1]\" class=\"fusion-lightbox\" target=\"_self\"><img decoding=\"async\" src=\"data:image\/svg+xml,%3Csvg%20xmlns%3D%27http%3A%2F%2Fwww.w3.org%2F2000%2Fsvg%27%20width%3D%27200%27%20height%3D%27120%27%20viewBox%3D%270%200%20200%20120%27%3E%3Crect%20width%3D%27200%27%20height%3D%27120%27%20fill-opacity%3D%220%22%2F%3E%3C%2Fsvg%3E\" data-orig-src=\"http:\/\/www.parklomza.pl\/wp-content\/uploads\/2023\/05\/1-1.png\" width=\"200\" height=\"120\" alt=\"\" title=\"1\" aria-label=\"1\" class=\"lazyload img-responsive wp-image-1406\"  \/><\/a><\/div><\/div><div style=\"padding:20px;\" class=\"fusion-grid-column fusion-gallery-column fusion-gallery-column-5 hover-type-none\"><div class=\"fusion-gallery-image\"><a href=\"http:\/\/www.parklomza.pl\/wp-content\/uploads\/2024\/02\/kj.jpg\" rel=\"noreferrer\" data-rel=\"iLightbox[gallery_image_1]\" class=\"fusion-lightbox\" target=\"_self\"><img decoding=\"async\" src=\"data:image\/svg+xml,%3Csvg%20xmlns%3D%27http%3A%2F%2Fwww.w3.org%2F2000%2Fsvg%27%20width%3D%27200%27%20height%3D%27120%27%20viewBox%3D%270%200%20200%20120%27%3E%3Crect%20width%3D%27200%27%20height%3D%27120%27%20fill-opacity%3D%220%22%2F%3E%3C%2Fsvg%3E\" data-orig-src=\"http:\/\/www.parklomza.pl\/wp-content\/uploads\/2024\/02\/kj.jpg\" width=\"200\" height=\"120\" alt=\"\" title=\"kj\" aria-label=\"kj\" class=\"lazyload img-responsive wp-image-1863\"  \/><\/a><\/div><\/div><div style=\"padding:20px;\" class=\"fusion-grid-column fusion-gallery-column fusion-gallery-column-5 hover-type-none\"><div class=\"fusion-gallery-image\"><a href=\"http:\/\/www.parklomza.pl\/wp-content\/uploads\/2023\/05\/4-1.png\" rel=\"noreferrer\" data-rel=\"iLightbox[gallery_image_1]\" class=\"fusion-lightbox\" target=\"_self\"><img decoding=\"async\" src=\"data:image\/svg+xml,%3Csvg%20xmlns%3D%27http%3A%2F%2Fwww.w3.org%2F2000%2Fsvg%27%20width%3D%27200%27%20height%3D%27120%27%20viewBox%3D%270%200%20200%20120%27%3E%3Crect%20width%3D%27200%27%20height%3D%27120%27%20fill-opacity%3D%220%22%2F%3E%3C%2Fsvg%3E\" data-orig-src=\"http:\/\/www.parklomza.pl\/wp-content\/uploads\/2023\/05\/4-1.png\" width=\"200\" height=\"120\" alt=\"\" title=\"4\" aria-label=\"4\" class=\"lazyload img-responsive wp-image-1409\"  \/><\/a><\/div><\/div><div style=\"padding:20px;\" class=\"fusion-grid-column fusion-gallery-column fusion-gallery-column-5 hover-type-none\"><div class=\"fusion-gallery-image\"><a href=\"http:\/\/www.parklomza.pl\/wp-content\/uploads\/2023\/05\/bigsoda.jpg\" rel=\"noreferrer\" data-rel=\"iLightbox[gallery_image_1]\" class=\"fusion-lightbox\" target=\"_self\"><img decoding=\"async\" src=\"data:image\/svg+xml,%3Csvg%20xmlns%3D%27http%3A%2F%2Fwww.w3.org%2F2000%2Fsvg%27%20width%3D%27200%27%20height%3D%27120%27%20viewBox%3D%270%200%20200%20120%27%3E%3Crect%20width%3D%27200%27%20height%3D%27120%27%20fill-opacity%3D%220%22%2F%3E%3C%2Fsvg%3E\" data-orig-src=\"http:\/\/www.parklomza.pl\/wp-content\/uploads\/2023\/05\/bigsoda.jpg\" width=\"200\" height=\"120\" alt=\"\" title=\"bigsoda\" aria-label=\"bigsoda\" class=\"lazyload img-responsive wp-image-1412\"  \/><\/a><\/div><\/div><div style=\"padding:20px;\" class=\"fusion-grid-column fusion-gallery-column fusion-gallery-column-5 hover-type-none\"><div class=\"fusion-gallery-image\"><a href=\"http:\/\/www.parklomza.pl\/wp-content\/uploads\/2023\/05\/btm.png\" rel=\"noreferrer\" data-rel=\"iLightbox[gallery_image_1]\" class=\"fusion-lightbox\" target=\"_self\"><img decoding=\"async\" src=\"data:image\/svg+xml,%3Csvg%20xmlns%3D%27http%3A%2F%2Fwww.w3.org%2F2000%2Fsvg%27%20width%3D%27200%27%20height%3D%27120%27%20viewBox%3D%270%200%20200%20120%27%3E%3Crect%20width%3D%27200%27%20height%3D%27120%27%20fill-opacity%3D%220%22%2F%3E%3C%2Fsvg%3E\" data-orig-src=\"http:\/\/www.parklomza.pl\/wp-content\/uploads\/2023\/05\/btm.png\" width=\"200\" height=\"120\" alt=\"\" title=\"btm\" aria-label=\"btm\" class=\"lazyload img-responsive wp-image-1413\"  \/><\/a><\/div><\/div><div class=\"clearfix\"><\/div><div style=\"padding:20px;\" class=\"fusion-grid-column fusion-gallery-column fusion-gallery-column-5 hover-type-none\"><div class=\"fusion-gallery-image\"><a href=\"http:\/\/www.parklomza.pl\/wp-content\/uploads\/2023\/05\/bylina.jpg\" rel=\"noreferrer\" data-rel=\"iLightbox[gallery_image_1]\" class=\"fusion-lightbox\" target=\"_self\"><img decoding=\"async\" src=\"data:image\/svg+xml,%3Csvg%20xmlns%3D%27http%3A%2F%2Fwww.w3.org%2F2000%2Fsvg%27%20width%3D%27200%27%20height%3D%27120%27%20viewBox%3D%270%200%20200%20120%27%3E%3Crect%20width%3D%27200%27%20height%3D%27120%27%20fill-opacity%3D%220%22%2F%3E%3C%2Fsvg%3E\" data-orig-src=\"http:\/\/www.parklomza.pl\/wp-content\/uploads\/2023\/05\/bylina.jpg\" width=\"200\" height=\"120\" alt=\"\" title=\"bylina\" aria-label=\"bylina\" class=\"lazyload img-responsive wp-image-1414\"  \/><\/a><\/div><\/div><div style=\"padding:20px;\" class=\"fusion-grid-column fusion-gallery-column fusion-gallery-column-5 hover-type-none\"><div class=\"fusion-gallery-image\"><a href=\"http:\/\/www.parklomza.pl\/wp-content\/uploads\/2023\/05\/efl.jpg\" rel=\"noreferrer\" data-rel=\"iLightbox[gallery_image_1]\" class=\"fusion-lightbox\" target=\"_self\"><img decoding=\"async\" src=\"data:image\/svg+xml,%3Csvg%20xmlns%3D%27http%3A%2F%2Fwww.w3.org%2F2000%2Fsvg%27%20width%3D%27200%27%20height%3D%27120%27%20viewBox%3D%270%200%20200%20120%27%3E%3Crect%20width%3D%27200%27%20height%3D%27120%27%20fill-opacity%3D%220%22%2F%3E%3C%2Fsvg%3E\" data-orig-src=\"http:\/\/www.parklomza.pl\/wp-content\/uploads\/2023\/05\/efl.jpg\" width=\"200\" height=\"120\" alt=\"\" title=\"efl\" aria-label=\"efl\" class=\"lazyload img-responsive wp-image-1417\"  \/><\/a><\/div><\/div><div style=\"padding:20px;\" class=\"fusion-grid-column fusion-gallery-column fusion-gallery-column-5 hover-type-none\"><div class=\"fusion-gallery-image\"><a href=\"http:\/\/www.parklomza.pl\/wp-content\/uploads\/2024\/02\/jkd.jpg\" rel=\"noreferrer\" data-rel=\"iLightbox[gallery_image_1]\" class=\"fusion-lightbox\" target=\"_self\"><img decoding=\"async\" src=\"data:image\/svg+xml,%3Csvg%20xmlns%3D%27http%3A%2F%2Fwww.w3.org%2F2000%2Fsvg%27%20width%3D%27200%27%20height%3D%27120%27%20viewBox%3D%270%200%20200%20120%27%3E%3Crect%20width%3D%27200%27%20height%3D%27120%27%20fill-opacity%3D%220%22%2F%3E%3C%2Fsvg%3E\" data-orig-src=\"http:\/\/www.parklomza.pl\/wp-content\/uploads\/2024\/02\/jkd.jpg\" width=\"200\" height=\"120\" alt=\"\" title=\"jkd\" aria-label=\"jkd\" class=\"lazyload img-responsive wp-image-1862\"  \/><\/a><\/div><\/div><div style=\"padding:20px;\" class=\"fusion-grid-column fusion-gallery-column fusion-gallery-column-5 hover-type-none\"><div class=\"fusion-gallery-image\"><a href=\"http:\/\/www.parklomza.pl\/wp-content\/uploads\/2023\/05\/fitit.jpg\" rel=\"noreferrer\" data-rel=\"iLightbox[gallery_image_1]\" class=\"fusion-lightbox\" target=\"_self\"><img decoding=\"async\" src=\"data:image\/svg+xml,%3Csvg%20xmlns%3D%27http%3A%2F%2Fwww.w3.org%2F2000%2Fsvg%27%20width%3D%27200%27%20height%3D%27120%27%20viewBox%3D%270%200%20200%20120%27%3E%3Crect%20width%3D%27200%27%20height%3D%27120%27%20fill-opacity%3D%220%22%2F%3E%3C%2Fsvg%3E\" data-orig-src=\"http:\/\/www.parklomza.pl\/wp-content\/uploads\/2023\/05\/fitit.jpg\" width=\"200\" height=\"120\" alt=\"\" title=\"fitit\" aria-label=\"fitit\" class=\"lazyload img-responsive wp-image-1421\"  \/><\/a><\/div><\/div><div style=\"padding:20px;\" class=\"fusion-grid-column fusion-gallery-column fusion-gallery-column-5 hover-type-none\"><div class=\"fusion-gallery-image\"><a href=\"http:\/\/www.parklomza.pl\/wp-content\/uploads\/2023\/05\/healthdom.png\" rel=\"noreferrer\" data-rel=\"iLightbox[gallery_image_1]\" class=\"fusion-lightbox\" target=\"_self\"><img decoding=\"async\" src=\"data:image\/svg+xml,%3Csvg%20xmlns%3D%27http%3A%2F%2Fwww.w3.org%2F2000%2Fsvg%27%20width%3D%27200%27%20height%3D%27120%27%20viewBox%3D%270%200%20200%20120%27%3E%3Crect%20width%3D%27200%27%20height%3D%27120%27%20fill-opacity%3D%220%22%2F%3E%3C%2Fsvg%3E\" data-orig-src=\"http:\/\/www.parklomza.pl\/wp-content\/uploads\/2023\/05\/healthdom.png\" width=\"200\" height=\"120\" alt=\"\" title=\"healthdom\" aria-label=\"healthdom\" class=\"lazyload img-responsive wp-image-1424\"  \/><\/a><\/div><\/div><div class=\"clearfix\"><\/div><div style=\"padding:20px;\" class=\"fusion-grid-column fusion-gallery-column fusion-gallery-column-5 hover-type-none\"><div class=\"fusion-gallery-image\"><a href=\"http:\/\/www.parklomza.pl\/wp-content\/uploads\/2023\/05\/Impork.jpg\" rel=\"noreferrer\" data-rel=\"iLightbox[gallery_image_1]\" class=\"fusion-lightbox\" target=\"_self\"><img decoding=\"async\" src=\"data:image\/svg+xml,%3Csvg%20xmlns%3D%27http%3A%2F%2Fwww.w3.org%2F2000%2Fsvg%27%20width%3D%27200%27%20height%3D%27120%27%20viewBox%3D%270%200%20200%20120%27%3E%3Crect%20width%3D%27200%27%20height%3D%27120%27%20fill-opacity%3D%220%22%2F%3E%3C%2Fsvg%3E\" data-orig-src=\"http:\/\/www.parklomza.pl\/wp-content\/uploads\/2023\/05\/Impork.jpg\" width=\"200\" height=\"120\" alt=\"\" title=\"Impork\" aria-label=\"Impork\" class=\"lazyload img-responsive wp-image-1425\"  \/><\/a><\/div><\/div><div style=\"padding:20px;\" class=\"fusion-grid-column fusion-gallery-column fusion-gallery-column-5 hover-type-none\"><div class=\"fusion-gallery-image\"><a href=\"http:\/\/www.parklomza.pl\/wp-content\/uploads\/2023\/05\/lewandow-1.jpg\" rel=\"noreferrer\" data-rel=\"iLightbox[gallery_image_1]\" class=\"fusion-lightbox\" target=\"_self\"><img decoding=\"async\" src=\"data:image\/svg+xml,%3Csvg%20xmlns%3D%27http%3A%2F%2Fwww.w3.org%2F2000%2Fsvg%27%20width%3D%27200%27%20height%3D%27120%27%20viewBox%3D%270%200%20200%20120%27%3E%3Crect%20width%3D%27200%27%20height%3D%27120%27%20fill-opacity%3D%220%22%2F%3E%3C%2Fsvg%3E\" data-orig-src=\"http:\/\/www.parklomza.pl\/wp-content\/uploads\/2023\/05\/lewandow-1.jpg\" width=\"200\" height=\"120\" alt=\"\" title=\"lewandow-1\" aria-label=\"lewandow-1\" class=\"lazyload img-responsive wp-image-1426\"  \/><\/a><\/div><\/div><div style=\"padding:20px;\" class=\"fusion-grid-column fusion-gallery-column fusion-gallery-column-5 hover-type-none\"><div class=\"fusion-gallery-image\"><a href=\"http:\/\/www.parklomza.pl\/wp-content\/uploads\/2023\/05\/logo_sklodowscy.png\" rel=\"noreferrer\" data-rel=\"iLightbox[gallery_image_1]\" class=\"fusion-lightbox\" target=\"_self\"><img decoding=\"async\" src=\"data:image\/svg+xml,%3Csvg%20xmlns%3D%27http%3A%2F%2Fwww.w3.org%2F2000%2Fsvg%27%20width%3D%27200%27%20height%3D%27120%27%20viewBox%3D%270%200%20200%20120%27%3E%3Crect%20width%3D%27200%27%20height%3D%27120%27%20fill-opacity%3D%220%22%2F%3E%3C%2Fsvg%3E\" data-orig-src=\"http:\/\/www.parklomza.pl\/wp-content\/uploads\/2023\/05\/logo_sklodowscy.png\" width=\"200\" height=\"120\" alt=\"\" title=\"logo_sklodowscy\" aria-label=\"logo_sklodowscy\" class=\"lazyload img-responsive wp-image-1427\"  \/><\/a><\/div><\/div><div style=\"padding:20px;\" class=\"fusion-grid-column fusion-gallery-column fusion-gallery-column-5 hover-type-none\"><div class=\"fusion-gallery-image\"><a href=\"http:\/\/www.parklomza.pl\/wp-content\/uploads\/2023\/05\/neam.png\" rel=\"noreferrer\" data-rel=\"iLightbox[gallery_image_1]\" class=\"fusion-lightbox\" target=\"_self\"><img decoding=\"async\" src=\"data:image\/svg+xml,%3Csvg%20xmlns%3D%27http%3A%2F%2Fwww.w3.org%2F2000%2Fsvg%27%20width%3D%27200%27%20height%3D%27120%27%20viewBox%3D%270%200%20200%20120%27%3E%3Crect%20width%3D%27200%27%20height%3D%27120%27%20fill-opacity%3D%220%22%2F%3E%3C%2Fsvg%3E\" data-orig-src=\"http:\/\/www.parklomza.pl\/wp-content\/uploads\/2023\/05\/neam.png\" width=\"200\" height=\"120\" alt=\"\" title=\"neam\" aria-label=\"neam\" class=\"lazyload img-responsive wp-image-1428\"  \/><\/a><\/div><\/div><div style=\"padding:20px;\" class=\"fusion-grid-column fusion-gallery-column fusion-gallery-column-5 hover-type-none\"><div class=\"fusion-gallery-image\"><a href=\"http:\/\/www.parklomza.pl\/wp-content\/uploads\/2023\/05\/pfr.png\" rel=\"noreferrer\" data-rel=\"iLightbox[gallery_image_1]\" class=\"fusion-lightbox\" target=\"_self\"><img decoding=\"async\" src=\"data:image\/svg+xml,%3Csvg%20xmlns%3D%27http%3A%2F%2Fwww.w3.org%2F2000%2Fsvg%27%20width%3D%27200%27%20height%3D%27120%27%20viewBox%3D%270%200%20200%20120%27%3E%3Crect%20width%3D%27200%27%20height%3D%27120%27%20fill-opacity%3D%220%22%2F%3E%3C%2Fsvg%3E\" data-orig-src=\"http:\/\/www.parklomza.pl\/wp-content\/uploads\/2023\/05\/pfr.png\" width=\"200\" height=\"120\" alt=\"\" title=\"pfr\" aria-label=\"pfr\" class=\"lazyload img-responsive wp-image-1429\"  \/><\/a><\/div><\/div><div class=\"clearfix\"><\/div><div style=\"padding:20px;\" class=\"fusion-grid-column fusion-gallery-column fusion-gallery-column-5 hover-type-none\"><div class=\"fusion-gallery-image\"><a href=\"http:\/\/www.parklomza.pl\/wp-content\/uploads\/2023\/05\/warta-1.jpg\" rel=\"noreferrer\" data-rel=\"iLightbox[gallery_image_1]\" class=\"fusion-lightbox\" target=\"_self\"><img decoding=\"async\" src=\"data:image\/svg+xml,%3Csvg%20xmlns%3D%27http%3A%2F%2Fwww.w3.org%2F2000%2Fsvg%27%20width%3D%27200%27%20height%3D%27120%27%20viewBox%3D%270%200%20200%20120%27%3E%3Crect%20width%3D%27200%27%20height%3D%27120%27%20fill-opacity%3D%220%22%2F%3E%3C%2Fsvg%3E\" data-orig-src=\"http:\/\/www.parklomza.pl\/wp-content\/uploads\/2023\/05\/warta-1.jpg\" width=\"200\" height=\"120\" alt=\"\" title=\"warta-1\" aria-label=\"warta-1\" class=\"lazyload img-responsive wp-image-1432\"  \/><\/a><\/div><\/div><div style=\"padding:20px;\" class=\"fusion-grid-column fusion-gallery-column fusion-gallery-column-5 hover-type-none\"><div class=\"fusion-gallery-image\"><a href=\"http:\/\/www.parklomza.pl\/wp-content\/uploads\/2023\/05\/yes_white_2017.png\" rel=\"noreferrer\" data-rel=\"iLightbox[gallery_image_1]\" class=\"fusion-lightbox\" target=\"_self\"><img decoding=\"async\" src=\"data:image\/svg+xml,%3Csvg%20xmlns%3D%27http%3A%2F%2Fwww.w3.org%2F2000%2Fsvg%27%20width%3D%27200%27%20height%3D%27120%27%20viewBox%3D%270%200%20200%20120%27%3E%3Crect%20width%3D%27200%27%20height%3D%27120%27%20fill-opacity%3D%220%22%2F%3E%3C%2Fsvg%3E\" data-orig-src=\"http:\/\/www.parklomza.pl\/wp-content\/uploads\/2023\/05\/yes_white_2017.png\" width=\"200\" height=\"120\" alt=\"\" title=\"yes_white_2017\" aria-label=\"yes_white_2017\" class=\"lazyload img-responsive wp-image-1433\"  \/><\/a><\/div><\/div><div style=\"padding:20px;\" class=\"fusion-grid-column fusion-gallery-column fusion-gallery-column-5 hover-type-none\"><div class=\"fusion-gallery-image\"><a href=\"http:\/\/www.parklomza.pl\/wp-content\/uploads\/2023\/05\/zdobywcy_sieci.jpg\" rel=\"noreferrer\" data-rel=\"iLightbox[gallery_image_1]\" class=\"fusion-lightbox\" target=\"_self\"><img decoding=\"async\" src=\"data:image\/svg+xml,%3Csvg%20xmlns%3D%27http%3A%2F%2Fwww.w3.org%2F2000%2Fsvg%27%20width%3D%27200%27%20height%3D%27120%27%20viewBox%3D%270%200%20200%20120%27%3E%3Crect%20width%3D%27200%27%20height%3D%27120%27%20fill-opacity%3D%220%22%2F%3E%3C%2Fsvg%3E\" data-orig-src=\"http:\/\/www.parklomza.pl\/wp-content\/uploads\/2023\/05\/zdobywcy_sieci.jpg\" width=\"200\" height=\"120\" alt=\"\" title=\"zdobywcy_sieci\" aria-label=\"zdobywcy_sieci\" class=\"lazyload img-responsive wp-image-1434\"  \/><\/a><\/div><\/div><div style=\"padding:20px;\" class=\"fusion-grid-column fusion-gallery-column fusion-gallery-column-5 hover-type-none\"><div class=\"fusion-gallery-image\"><a href=\"http:\/\/www.parklomza.pl\/wp-content\/uploads\/2023\/05\/eldor.jpg\" rel=\"noreferrer\" data-rel=\"iLightbox[gallery_image_1]\" class=\"fusion-lightbox\" target=\"_self\"><img decoding=\"async\" src=\"data:image\/svg+xml,%3Csvg%20xmlns%3D%27http%3A%2F%2Fwww.w3.org%2F2000%2Fsvg%27%20width%3D%27200%27%20height%3D%27120%27%20viewBox%3D%270%200%20200%20120%27%3E%3Crect%20width%3D%27200%27%20height%3D%27120%27%20fill-opacity%3D%220%22%2F%3E%3C%2Fsvg%3E\" data-orig-src=\"http:\/\/www.parklomza.pl\/wp-content\/uploads\/2023\/05\/eldor.jpg\" width=\"200\" height=\"120\" alt=\"\" title=\"eldor\" aria-label=\"eldor\" class=\"lazyload img-responsive wp-image-1575\"  \/><\/a><\/div><\/div><div style=\"padding:20px;\" class=\"fusion-grid-column fusion-gallery-column fusion-gallery-column-5 hover-type-none\"><div class=\"fusion-gallery-image\"><a href=\"http:\/\/www.parklomza.pl\/wp-content\/uploads\/2023\/05\/spectrumleaf.jpg\" rel=\"noreferrer\" data-rel=\"iLightbox[gallery_image_1]\" class=\"fusion-lightbox\" target=\"_self\"><img decoding=\"async\" src=\"data:image\/svg+xml,%3Csvg%20xmlns%3D%27http%3A%2F%2Fwww.w3.org%2F2000%2Fsvg%27%20width%3D%27200%27%20height%3D%27120%27%20viewBox%3D%270%200%20200%20120%27%3E%3Crect%20width%3D%27200%27%20height%3D%27120%27%20fill-opacity%3D%220%22%2F%3E%3C%2Fsvg%3E\" data-orig-src=\"http:\/\/www.parklomza.pl\/wp-content\/uploads\/2023\/05\/spectrumleaf.jpg\" width=\"200\" height=\"120\" alt=\"\" title=\"spectrumleaf\" aria-label=\"spectrumleaf\" class=\"lazyload img-responsive wp-image-1577\"  \/><\/a><\/div><\/div><div class=\"clearfix\"><\/div><div style=\"padding:20px;\" class=\"fusion-grid-column fusion-gallery-column fusion-gallery-column-5 hover-type-none\"><div class=\"fusion-gallery-image\"><a href=\"http:\/\/www.parklomza.pl\/wp-content\/uploads\/2025\/08\/kf.jpg\" rel=\"noreferrer\" data-rel=\"iLightbox[gallery_image_1]\" class=\"fusion-lightbox\" target=\"_self\"><img decoding=\"async\" src=\"data:image\/svg+xml,%3Csvg%20xmlns%3D%27http%3A%2F%2Fwww.w3.org%2F2000%2Fsvg%27%20width%3D%27200%27%20height%3D%27120%27%20viewBox%3D%270%200%20200%20120%27%3E%3Crect%20width%3D%27200%27%20height%3D%27120%27%20fill-opacity%3D%220%22%2F%3E%3C%2Fsvg%3E\" data-orig-src=\"http:\/\/www.parklomza.pl\/wp-content\/uploads\/2025\/08\/kf.jpg\" width=\"200\" height=\"120\" alt=\"\" title=\"kf\" aria-label=\"kf\" class=\"lazyload img-responsive wp-image-2390\"  \/><\/a><\/div><\/div><div style=\"padding:20px;\" class=\"fusion-grid-column fusion-gallery-column fusion-gallery-column-5 hover-type-none\"><div class=\"fusion-gallery-image\"><a href=\"http:\/\/www.parklomza.pl\/wp-content\/uploads\/2025\/08\/filary.jpg\" rel=\"noreferrer\" data-rel=\"iLightbox[gallery_image_1]\" class=\"fusion-lightbox\" target=\"_self\"><img decoding=\"async\" src=\"data:image\/svg+xml,%3Csvg%20xmlns%3D%27http%3A%2F%2Fwww.w3.org%2F2000%2Fsvg%27%20width%3D%27200%27%20height%3D%27120%27%20viewBox%3D%270%200%20200%20120%27%3E%3Crect%20width%3D%27200%27%20height%3D%27120%27%20fill-opacity%3D%220%22%2F%3E%3C%2Fsvg%3E\" data-orig-src=\"http:\/\/www.parklomza.pl\/wp-content\/uploads\/2025\/08\/filary.jpg\" width=\"200\" height=\"120\" alt=\"\" title=\"filary\" aria-label=\"filary\" class=\"lazyload img-responsive wp-image-2389\"  \/><\/a><\/div><\/div><\/div><\/div><\/div><\/div><\/div><\/div>\n","protected":false},"excerpt":{"rendered":"","protected":false},"author":1,"featured_media":0,"parent":0,"menu_order":0,"comment_status":"closed","ping_status":"closed","template":"","meta":{"content-type":"","footnotes":""},"class_list":["post-1404","page","type-page","status-publish","hentry"],"acf":[],"yoast_head":"<!-- This site is optimized with the Yoast SEO plugin v20.8 - https:\/\/yoast.com\/wordpress\/plugins\/seo\/ -->\n<title>Lokatorzy - Park Przemys\u0142owy \u0141om\u017ca Sp. z o.o.<\/title>\n<meta name=\"robots\" content=\"index, follow, max-snippet:-1, max-image-preview:large, max-video-preview:-1\" \/>\n<link rel=\"canonical\" href=\"http:\/\/www.parklomza.pl\/?page_id=1404\" \/>\n<meta property=\"og:locale\" content=\"pl_PL\" \/>\n<meta property=\"og:type\" content=\"article\" \/>\n<meta property=\"og:title\" content=\"Lokatorzy - Park Przemys\u0142owy \u0141om\u017ca Sp. z o.o.\" \/>\n<meta property=\"og:url\" content=\"http:\/\/www.parklomza.pl\/?page_id=1404\" \/>\n<meta property=\"og:site_name\" content=\"Park Przemys\u0142owy \u0141om\u017ca Sp. z o.o.\" \/>\n<meta property=\"article:modified_time\" content=\"2025-08-01T13:33:48+00:00\" \/>\n<meta name=\"twitter:card\" content=\"summary_large_image\" \/>\n<script type=\"application\/ld+json\" class=\"yoast-schema-graph\">{\"@context\":\"https:\/\/schema.org\",\"@graph\":[{\"@type\":\"WebPage\",\"@id\":\"http:\/\/www.parklomza.pl\/?page_id=1404\",\"url\":\"http:\/\/www.parklomza.pl\/?page_id=1404\",\"name\":\"Lokatorzy - Park Przemys\u0142owy \u0141om\u017ca Sp. z o.o.\",\"isPartOf\":{\"@id\":\"http:\/\/www.parklomza.pl\/#website\"},\"datePublished\":\"2023-04-30T23:07:57+00:00\",\"dateModified\":\"2025-08-01T13:33:48+00:00\",\"breadcrumb\":{\"@id\":\"http:\/\/www.parklomza.pl\/?page_id=1404#breadcrumb\"},\"inLanguage\":\"pl-PL\",\"potentialAction\":[{\"@type\":\"ReadAction\",\"target\":[\"http:\/\/www.parklomza.pl\/?page_id=1404\"]}]},{\"@type\":\"BreadcrumbList\",\"@id\":\"http:\/\/www.parklomza.pl\/?page_id=1404#breadcrumb\",\"itemListElement\":[{\"@type\":\"ListItem\",\"position\":1,\"name\":\"Strona g\u0142\u00f3wna\",\"item\":\"http:\/\/www.parklomza.pl\/\"},{\"@type\":\"ListItem\",\"position\":2,\"name\":\"Lokatorzy\"}]},{\"@type\":\"WebSite\",\"@id\":\"http:\/\/www.parklomza.pl\/#website\",\"url\":\"http:\/\/www.parklomza.pl\/\",\"name\":\"Park Przemys\u0142owy \u0141om\u017ca Sp. z o.o.\",\"description\":\"\",\"potentialAction\":[{\"@type\":\"SearchAction\",\"target\":{\"@type\":\"EntryPoint\",\"urlTemplate\":\"http:\/\/www.parklomza.pl\/?s={search_term_string}\"},\"query-input\":\"required name=search_term_string\"}],\"inLanguage\":\"pl-PL\"}]}<\/script>\n<!-- \/ Yoast SEO plugin. -->","yoast_head_json":{"title":"Lokatorzy - Park Przemys\u0142owy \u0141om\u017ca Sp. z o.o.","robots":{"index":"index","follow":"follow","max-snippet":"max-snippet:-1","max-image-preview":"max-image-preview:large","max-video-preview":"max-video-preview:-1"},"canonical":"http:\/\/www.parklomza.pl\/?page_id=1404","og_locale":"pl_PL","og_type":"article","og_title":"Lokatorzy - Park Przemys\u0142owy \u0141om\u017ca Sp. z o.o.","og_url":"http:\/\/www.parklomza.pl\/?page_id=1404","og_site_name":"Park Przemys\u0142owy \u0141om\u017ca Sp. z o.o.","article_modified_time":"2025-08-01T13:33:48+00:00","twitter_card":"summary_large_image","schema":{"@context":"https:\/\/schema.org","@graph":[{"@type":"WebPage","@id":"http:\/\/www.parklomza.pl\/?page_id=1404","url":"http:\/\/www.parklomza.pl\/?page_id=1404","name":"Lokatorzy - Park Przemys\u0142owy \u0141om\u017ca Sp. z o.o.","isPartOf":{"@id":"http:\/\/www.parklomza.pl\/#website"},"datePublished":"2023-04-30T23:07:57+00:00","dateModified":"2025-08-01T13:33:48+00:00","breadcrumb":{"@id":"http:\/\/www.parklomza.pl\/?page_id=1404#breadcrumb"},"inLanguage":"pl-PL","potentialAction":[{"@type":"ReadAction","target":["http:\/\/www.parklomza.pl\/?page_id=1404"]}]},{"@type":"BreadcrumbList","@id":"http:\/\/www.parklomza.pl\/?page_id=1404#breadcrumb","itemListElement":[{"@type":"ListItem","position":1,"name":"Strona g\u0142\u00f3wna","item":"http:\/\/www.parklomza.pl\/"},{"@type":"ListItem","position":2,"name":"Lokatorzy"}]},{"@type":"WebSite","@id":"http:\/\/www.parklomza.pl\/#website","url":"http:\/\/www.parklomza.pl\/","name":"Park Przemys\u0142owy \u0141om\u017ca Sp. z o.o.","description":"","potentialAction":[{"@type":"SearchAction","target":{"@type":"EntryPoint","urlTemplate":"http:\/\/www.parklomza.pl\/?s={search_term_string}"},"query-input":"required name=search_term_string"}],"inLanguage":"pl-PL"}]}},"_links":{"self":[{"href":"http:\/\/www.parklomza.pl\/index.php?rest_route=\/wp\/v2\/pages\/1404","targetHints":{"allow":["GET"]}}],"collection":[{"href":"http:\/\/www.parklomza.pl\/index.php?rest_route=\/wp\/v2\/pages"}],"about":[{"href":"http:\/\/www.parklomza.pl\/index.php?rest_route=\/wp\/v2\/types\/page"}],"author":[{"embeddable":true,"href":"http:\/\/www.parklomza.pl\/index.php?rest_route=\/wp\/v2\/users\/1"}],"replies":[{"embeddable":true,"href":"http:\/\/www.parklomza.pl\/index.php?rest_route=%2Fwp%2Fv2%2Fcomments&post=1404"}],"version-history":[{"count":10,"href":"http:\/\/www.parklomza.pl\/index.php?rest_route=\/wp\/v2\/pages\/1404\/revisions"}],"predecessor-version":[{"id":2391,"href":"http:\/\/www.parklomza.pl\/index.php?rest_route=\/wp\/v2\/pages\/1404\/revisions\/2391"}],"wp:attachment":[{"href":"http:\/\/www.parklomza.pl\/index.php?rest_route=%2Fwp%2Fv2%2Fmedia&parent=1404"}],"curies":[{"name":"wp","href":"https:\/\/api.w.org\/{rel}","templated":true}]}}