{"id":12,"date":"2019-01-14T16:18:25","date_gmt":"2019-01-14T16:18:25","guid":{"rendered":"http:\/\/www.parklomza.pl\/?page_id=12"},"modified":"2023-04-25T12:18:21","modified_gmt":"2023-04-25T10:18:21","slug":"aktualnosci","status":"publish","type":"page","link":"http:\/\/www.parklomza.pl\/?page_id=12","title":{"rendered":"Aktualno\u015bci"},"content":{"rendered":"<div class=\"fusion-fullwidth fullwidth-box fusion-builder-row-1 fusion-flex-container nonhundred-percent-fullwidth non-hundred-percent-height-scrolling\" style=\"--awb-border-radius-top-left:0px;--awb-border-radius-top-right:0px;--awb-border-radius-bottom-right:0px;--awb-border-radius-bottom-left:0px;--awb-padding-top:0px;--awb-padding-bottom:4%;--awb-padding-top-medium:10px;--awb-padding-bottom-medium:10px;--awb-padding-top-small:0px;\" ><div class=\"fusion-builder-row fusion-row fusion-flex-align-items-flex-start\" style=\"max-width:1206.4px;margin-left: calc(-4% \/ 2 );margin-right: calc(-4% \/ 2 );\"><div class=\"fusion-layout-column fusion_builder_column fusion-builder-column-0 fusion_builder_column_1_1 1_1 fusion-flex-column fusion-animated\" style=\"--awb-bg-size:cover;--awb-width-large:100%;--awb-margin-top-large:0px;--awb-spacing-right-large:1.92%;--awb-margin-bottom-large:25px;--awb-spacing-left-large:1.92%;--awb-width-medium:100%;--awb-spacing-right-medium:1.92%;--awb-spacing-left-medium:1.92%;--awb-width-small:100%;--awb-margin-top-small:10px;--awb-spacing-right-small:1.92%;--awb-spacing-left-small:1.92%;\" data-animationType=\"fadeInDown\" data-animationDuration=\"0.3\" data-animationOffset=\"top-into-view\"><div class=\"fusion-column-wrapper fusion-flex-justify-content-flex-start fusion-content-layout-column\"><div class=\"fusion-blog-shortcode fusion-blog-shortcode-1 fusion-blog-archive fusion-blog-layout-medium fusion-blog-pagination\"><div class=\"fusion-posts-container fusion-posts-container-pagination fusion-blog-rollover\" data-pages=\"25\"><article id=\"blog-1-post-2584\" class=\"fusion-post-medium post-2584 post type-post status-publish format-standard has-post-thumbnail hentry category-aktualnosci category-hub3\">\n\t<style type=\"text\/css\">\n\t\t\n\t\t\n\t\t\n\t\t\n\t\t\t<\/style>\n\n\n\t\t\t<div class=\"fusion-flexslider flexslider fusion-flexslider-loading fusion-post-slideshow\" style=\"\">\n\t\t<ul class=\"slides\">\n\t\t\t\n\t\t\t\t\t\t\t\t\t\t\t\t\t\t<li><div  class=\"fusion-image-wrapper fusion-image-size-fixed\" aria-haspopup=\"true\">\n\t\t\t\t<img decoding=\"async\" width=\"320\" height=\"202\" src=\"http:\/\/www.parklomza.pl\/wp-content\/uploads\/2026\/04\/2-320x202.jpg\" class=\"attachment-blog-medium size-blog-medium lazyload wp-post-image\" alt=\"\" srcset=\"data:image\/svg+xml,%3Csvg%20xmlns%3D%27http%3A%2F%2Fwww.w3.org%2F2000%2Fsvg%27%20width%3D%27984%27%20height%3D%27566%27%20viewBox%3D%270%200%20984%20566%27%3E%3Crect%20width%3D%27984%27%20height%3D%27566%27%20fill-opacity%3D%220%22%2F%3E%3C%2Fsvg%3E\" data-orig-src=\"http:\/\/www.parklomza.pl\/wp-content\/uploads\/2026\/04\/2-320x202.jpg\" data-srcset=\"http:\/\/www.parklomza.pl\/wp-content\/uploads\/2026\/04\/2-320x202.jpg 320w, http:\/\/www.parklomza.pl\/wp-content\/uploads\/2026\/04\/2-700x441.jpg 700w\" data-sizes=\"auto\" \/><div class=\"fusion-rollover\">\n\t<div class=\"fusion-rollover-content\">\n\n\t\t\t\t\n\t\t\n\t\t\t\t\t\t\t\t\n\t\t\t\t\t\t\t\t\n\t\t\n\t\t\t\t\t\t<a class=\"fusion-link-wrapper\" href=\"http:\/\/www.parklomza.pl\/?p=2584\" aria-label=\"Wyniki oceny formalnej wniosk\u00f3w do 5. cyklu Hub of Talents 3 \u2013 pe\u0142na lista\"><\/a>\n\t<\/div>\n<\/div>\n<\/div>\n<\/li>\n\t\t\t\n\t\t\t\n\t\t\t\t\t\t\t\t\t\t\t\t\t\t\t\t\t\t\t\t\t\t\t\t\t\t\t\t\t\t\t\t\t\t\t\t\t\t\t\t\t\t\t\t\t\t\t\t\t\t\t\t\t\t\t\t\t\t\t\t\t\t\t\t\t\t\t\t<\/ul>\n\t<\/div>\n\t<div class=\"fusion-post-content post-content\"><h2 class=\"blog-shortcode-post-title entry-title\"><a href=\"http:\/\/www.parklomza.pl\/?p=2584\">Wyniki oceny formalnej wniosk\u00f3w do 5. cyklu Hub of Talents 3 \u2013 pe\u0142na lista<\/a><\/h2><div class=\"fusion-post-content-container\"><p>170 z 179 wniosk\u00f3w inkubacyjnych, z\u0142o\u017conych w pi\u0105tym cyklu inkubacji Platformy startowej dla nowych pomys\u0142\u00f3w \u2013 Hub of Talents 3, uzyska\u0142o pozytywn\u0105 ocen\u0119 na etapie weryfikacji formalnej. Poni\u017cej publikujemy list\u0119 wniosk\u00f3w po ocenie formalnej, obejmuj\u0105c\u0105 wszystkie zg\u0142oszenia<\/p><\/div><\/div><div class=\"fusion-clearfix\"><\/div><div class=\"fusion-meta-info\"><div class=\"fusion-alignleft\"><span class=\"vcard\" style=\"display: none;\"><span class=\"fn\"><a href=\"http:\/\/www.parklomza.pl\/?author=1\" title=\"Wpisy od ppl\" rel=\"author\">ppl<\/a><\/span><\/span><span class=\"updated\" style=\"display:none;\">2026-04-22T00:30:30+02:00<\/span><span>22 kwietnia, 2026<\/span><span class=\"fusion-inline-sep\">|<\/span><a href=\"http:\/\/www.parklomza.pl\/?cat=28\" rel=\"category\">Aktualnosci<\/a>, <a href=\"http:\/\/www.parklomza.pl\/?cat=31\" rel=\"category\">HUB3<\/a><span class=\"fusion-inline-sep\">|<\/span><\/div><\/div><\/article>\n<article id=\"blog-1-post-2581\" class=\"fusion-post-medium post-2581 post type-post status-publish format-standard has-post-thumbnail hentry category-aktualnosci\">\n\t<style type=\"text\/css\">\n\t\t\n\t\t\n\t\t\n\t\t\n\t\t\t<\/style>\n\n\n\t\t\t<div class=\"fusion-flexslider flexslider fusion-flexslider-loading fusion-post-slideshow\" style=\"\">\n\t\t<ul class=\"slides\">\n\t\t\t\n\t\t\t\t\t\t\t\t\t\t\t\t\t\t<li><div  class=\"fusion-image-wrapper fusion-image-size-fixed\" aria-haspopup=\"true\">\n\t\t\t\t<img decoding=\"async\" width=\"320\" height=\"202\" src=\"http:\/\/www.parklomza.pl\/wp-content\/uploads\/2026\/04\/1-320x202.jpg\" class=\"attachment-blog-medium size-blog-medium lazyload wp-post-image\" alt=\"\" srcset=\"data:image\/svg+xml,%3Csvg%20xmlns%3D%27http%3A%2F%2Fwww.w3.org%2F2000%2Fsvg%27%20width%3D%271174%27%20height%3D%27648%27%20viewBox%3D%270%200%201174%20648%27%3E%3Crect%20width%3D%271174%27%20height%3D%27648%27%20fill-opacity%3D%220%22%2F%3E%3C%2Fsvg%3E\" data-orig-src=\"http:\/\/www.parklomza.pl\/wp-content\/uploads\/2026\/04\/1-320x202.jpg\" data-srcset=\"http:\/\/www.parklomza.pl\/wp-content\/uploads\/2026\/04\/1-320x202.jpg 320w, http:\/\/www.parklomza.pl\/wp-content\/uploads\/2026\/04\/1-700x441.jpg 700w\" data-sizes=\"auto\" \/><div class=\"fusion-rollover\">\n\t<div class=\"fusion-rollover-content\">\n\n\t\t\t\t\n\t\t\n\t\t\t\t\t\t\t\t\n\t\t\t\t\t\t\t\t\n\t\t\n\t\t\t\t\t\t<a class=\"fusion-link-wrapper\" href=\"http:\/\/www.parklomza.pl\/?p=2581\" aria-label=\"Rozwi\u0144 sw\u00f3j startup na rynkach mi\u0119dzynarodowych \u2013 do\u0142\u0105cz do bezp\u0142atnych warsztat\u00f3w!\"><\/a>\n\t<\/div>\n<\/div>\n<\/div>\n<\/li>\n\t\t\t\n\t\t\t\n\t\t\t\t\t\t\t\t\t\t\t\t\t\t\t\t\t\t\t\t\t\t\t\t\t\t\t\t\t\t\t\t\t\t\t\t\t\t\t\t\t\t\t\t\t\t\t\t\t\t\t\t\t\t\t\t\t\t\t\t\t\t\t\t\t\t\t\t<\/ul>\n\t<\/div>\n\t<div class=\"fusion-post-content post-content\"><h2 class=\"blog-shortcode-post-title entry-title\"><a href=\"http:\/\/www.parklomza.pl\/?p=2581\">Rozwi\u0144 sw\u00f3j startup na rynkach mi\u0119dzynarodowych \u2013 do\u0142\u0105cz do bezp\u0142atnych warsztat\u00f3w!<\/a><\/h2><div class=\"fusion-post-content-container\"><p>Urz\u0105d Marsza\u0142kowski Wojew\u00f3dztwa Podlaskiego po raz kolejny zaprasza startupy do udzia\u0142u w wyj\u0105tkowych, dwudniowych warsztatach przygotowuj\u0105cych do ekspansji zagranicznej. To propozycja dla zespo\u0142\u00f3w, kt\u00f3re s\u0105 gotowe wej\u015b\u0107 na wy\u017cszy poziom rozwoju i zaprezentowa\u0107 sw\u00f3j potencja\u0142 na arenie<\/p><\/div><\/div><div class=\"fusion-clearfix\"><\/div><div class=\"fusion-meta-info\"><div class=\"fusion-alignleft\"><span class=\"vcard\" style=\"display: none;\"><span class=\"fn\"><a href=\"http:\/\/www.parklomza.pl\/?author=1\" title=\"Wpisy od ppl\" rel=\"author\">ppl<\/a><\/span><\/span><span class=\"updated\" style=\"display:none;\">2026-04-22T00:27:50+02:00<\/span><span>22 kwietnia, 2026<\/span><span class=\"fusion-inline-sep\">|<\/span><a href=\"http:\/\/www.parklomza.pl\/?cat=28\" rel=\"category\">Aktualnosci<\/a><span class=\"fusion-inline-sep\">|<\/span><\/div><\/div><\/article>\n<article id=\"blog-1-post-2578\" class=\"fusion-post-medium post-2578 post type-post status-publish format-standard has-post-thumbnail hentry category-aktualnosci category-hub3\">\n\t<style type=\"text\/css\">\n\t\t\n\t\t\n\t\t\n\t\t\n\t\t\t<\/style>\n\n\n\t\t\t<div class=\"fusion-flexslider flexslider fusion-flexslider-loading fusion-post-slideshow\" style=\"\">\n\t\t<ul class=\"slides\">\n\t\t\t\n\t\t\t\t\t\t\t\t\t\t\t\t\t\t<li><div  class=\"fusion-image-wrapper fusion-image-size-fixed\" aria-haspopup=\"true\">\n\t\t\t\t<img decoding=\"async\" width=\"320\" height=\"202\" src=\"http:\/\/www.parklomza.pl\/wp-content\/uploads\/2026\/04\/actionn-320x202.jpg\" class=\"attachment-blog-medium size-blog-medium lazyload wp-post-image\" alt=\"\" srcset=\"data:image\/svg+xml,%3Csvg%20xmlns%3D%27http%3A%2F%2Fwww.w3.org%2F2000%2Fsvg%27%20width%3D%271280%27%20height%3D%27720%27%20viewBox%3D%270%200%201280%20720%27%3E%3Crect%20width%3D%271280%27%20height%3D%27720%27%20fill-opacity%3D%220%22%2F%3E%3C%2Fsvg%3E\" data-orig-src=\"http:\/\/www.parklomza.pl\/wp-content\/uploads\/2026\/04\/actionn-320x202.jpg\" data-srcset=\"http:\/\/www.parklomza.pl\/wp-content\/uploads\/2026\/04\/actionn-320x202.jpg 320w, http:\/\/www.parklomza.pl\/wp-content\/uploads\/2026\/04\/actionn-700x441.jpg 700w\" data-sizes=\"auto\" \/><div class=\"fusion-rollover\">\n\t<div class=\"fusion-rollover-content\">\n\n\t\t\t\t\n\t\t\n\t\t\t\t\t\t\t\t\n\t\t\t\t\t\t\t\t\n\t\t\n\t\t\t\t\t\t<a class=\"fusion-link-wrapper\" href=\"http:\/\/www.parklomza.pl\/?p=2578\" aria-label=\"ACTIONLABS w Hub of Talents 3\"><\/a>\n\t<\/div>\n<\/div>\n<\/div>\n<\/li>\n\t\t\t\n\t\t\t\n\t\t\t\t\t\t\t\t\t\t\t\t\t\t\t\t\t\t\t\t\t\t\t\t\t\t\t\t\t\t\t\t\t\t\t\t\t\t\t\t\t\t\t\t\t\t\t\t\t\t\t\t\t\t\t\t\t\t\t\t\t\t\t\t\t\t\t\t<\/ul>\n\t<\/div>\n\t<div class=\"fusion-post-content post-content\"><h2 class=\"blog-shortcode-post-title entry-title\"><a href=\"http:\/\/www.parklomza.pl\/?p=2578\">ACTIONLABS w Hub of Talents 3<\/a><\/h2><div class=\"fusion-post-content-container\"><p>ACTIONLABS to startup inkubowany w Parku Przemys\u0142owym \u0141om\u017ca z 2 cyklu inkubacji programu Hub of Talents 3, kt\u00f3ry z pasj\u0105 tworzy nowoczesne zabawki edukacyjne. G\u0142\u00f3wnym celem startupu jest zach\u0119canie najm\u0142odszych do sp\u0119dzania czasu w spos\u00f3b kreatywny i<\/p><\/div><\/div><div class=\"fusion-clearfix\"><\/div><div class=\"fusion-meta-info\"><div class=\"fusion-alignleft\"><span class=\"vcard\" style=\"display: none;\"><span class=\"fn\"><a href=\"http:\/\/www.parklomza.pl\/?author=1\" title=\"Wpisy od ppl\" rel=\"author\">ppl<\/a><\/span><\/span><span class=\"updated\" style=\"display:none;\">2026-04-20T09:45:33+02:00<\/span><span>20 kwietnia, 2026<\/span><span class=\"fusion-inline-sep\">|<\/span><a href=\"http:\/\/www.parklomza.pl\/?cat=28\" rel=\"category\">Aktualnosci<\/a>, <a href=\"http:\/\/www.parklomza.pl\/?cat=31\" rel=\"category\">HUB3<\/a><span class=\"fusion-inline-sep\">|<\/span><\/div><\/div><\/article>\n<article id=\"blog-1-post-2557\" class=\"fusion-post-medium post-2557 post type-post status-publish format-standard has-post-thumbnail hentry category-aktualnosci category-hub3\">\n\t<style type=\"text\/css\">\n\t\t\n\t\t\n\t\t\n\t\t\n\t\t\t<\/style>\n\n\n\t\t\t<div class=\"fusion-flexslider flexslider fusion-flexslider-loading fusion-post-slideshow\" style=\"\">\n\t\t<ul class=\"slides\">\n\t\t\t\n\t\t\t\t\t\t\t\t\t\t\t\t\t\t<li><div  class=\"fusion-image-wrapper fusion-image-size-fixed\" aria-haspopup=\"true\">\n\t\t\t\t<img decoding=\"async\" width=\"320\" height=\"202\" src=\"http:\/\/www.parklomza.pl\/wp-content\/uploads\/2026\/04\/GRAFIKA_HB-320x202.jpg\" class=\"attachment-blog-medium size-blog-medium lazyload wp-post-image\" alt=\"\" srcset=\"data:image\/svg+xml,%3Csvg%20xmlns%3D%27http%3A%2F%2Fwww.w3.org%2F2000%2Fsvg%27%20width%3D%27800%27%20height%3D%27450%27%20viewBox%3D%270%200%20800%20450%27%3E%3Crect%20width%3D%27800%27%20height%3D%27450%27%20fill-opacity%3D%220%22%2F%3E%3C%2Fsvg%3E\" data-orig-src=\"http:\/\/www.parklomza.pl\/wp-content\/uploads\/2026\/04\/GRAFIKA_HB-320x202.jpg\" data-srcset=\"http:\/\/www.parklomza.pl\/wp-content\/uploads\/2026\/04\/GRAFIKA_HB-320x202.jpg 320w, http:\/\/www.parklomza.pl\/wp-content\/uploads\/2026\/04\/GRAFIKA_HB-700x441.jpg 700w\" data-sizes=\"auto\" \/><div class=\"fusion-rollover\">\n\t<div class=\"fusion-rollover-content\">\n\n\t\t\t\t\n\t\t\n\t\t\t\t\t\t\t\t\n\t\t\t\t\t\t\t\t\n\t\t\n\t\t\t\t\t\t<a class=\"fusion-link-wrapper\" href=\"http:\/\/www.parklomza.pl\/?p=2557\" aria-label=\"Nab\u00f3r do ostatniego cyklu inkubacji w Hub of Talents 3\"><\/a>\n\t<\/div>\n<\/div>\n<\/div>\n<\/li>\n\t\t\t\n\t\t\t\n\t\t\t\t\t\t\t\t\t\t\t\t\t\t\t\t\t\t\t\t\t\t\t\t\t\t\t\t\t\t\t\t\t\t\t\t\t\t\t\t\t\t\t\t\t\t\t\t\t\t\t\t\t\t\t\t\t\t\t\t\t\t\t\t\t\t\t\t<\/ul>\n\t<\/div>\n\t<div class=\"fusion-post-content post-content\"><h2 class=\"blog-shortcode-post-title entry-title\"><a href=\"http:\/\/www.parklomza.pl\/?p=2557\">Nab\u00f3r do ostatniego cyklu inkubacji w Hub of Talents 3<\/a><\/h2><div class=\"fusion-post-content-container\"><p>Zapraszamy do sk\u0142adania wniosk\u00f3w do sz\u00f3stego cyklu programu inkubacyjnego Hub of Talents 3. To ostatnia szansa, aby do\u0142\u0105czy\u0107 do platformy, kt\u00f3ra od lat skutecznie wspiera rozw\u00f3j innowacyjnych startup\u00f3w w Polsce Wschodniej. Platforma startowa Hub of Talents 3<\/p><\/div><\/div><div class=\"fusion-clearfix\"><\/div><div class=\"fusion-meta-info\"><div class=\"fusion-alignleft\"><span class=\"vcard\" style=\"display: none;\"><span class=\"fn\"><a href=\"http:\/\/www.parklomza.pl\/?author=1\" title=\"Wpisy od ppl\" rel=\"author\">ppl<\/a><\/span><\/span><span class=\"updated\" style=\"display:none;\">2026-04-13T15:02:51+02:00<\/span><span>13 kwietnia, 2026<\/span><span class=\"fusion-inline-sep\">|<\/span><a href=\"http:\/\/www.parklomza.pl\/?cat=28\" rel=\"category\">Aktualnosci<\/a>, <a href=\"http:\/\/www.parklomza.pl\/?cat=31\" rel=\"category\">HUB3<\/a><span class=\"fusion-inline-sep\">|<\/span><\/div><\/div><\/article>\n<article id=\"blog-1-post-2545\" class=\"fusion-post-medium post-2545 post type-post status-publish format-standard has-post-thumbnail hentry category-aktualnosci category-hub3\">\n\t<style type=\"text\/css\">\n\t\t\n\t\t\n\t\t\n\t\t\n\t\t\t<\/style>\n\n\n\t\t\t<div class=\"fusion-flexslider flexslider fusion-flexslider-loading fusion-post-slideshow\" style=\"\">\n\t\t<ul class=\"slides\">\n\t\t\t\n\t\t\t\t\t\t\t\t\t\t\t\t\t\t<li><div  class=\"fusion-image-wrapper fusion-image-size-fixed\" aria-haspopup=\"true\">\n\t\t\t\t<img decoding=\"async\" width=\"320\" height=\"202\" src=\"http:\/\/www.parklomza.pl\/wp-content\/uploads\/2026\/03\/math-320x202.jpg\" class=\"attachment-blog-medium size-blog-medium lazyload wp-post-image\" alt=\"\" srcset=\"data:image\/svg+xml,%3Csvg%20xmlns%3D%27http%3A%2F%2Fwww.w3.org%2F2000%2Fsvg%27%20width%3D%271280%27%20height%3D%27720%27%20viewBox%3D%270%200%201280%20720%27%3E%3Crect%20width%3D%271280%27%20height%3D%27720%27%20fill-opacity%3D%220%22%2F%3E%3C%2Fsvg%3E\" data-orig-src=\"http:\/\/www.parklomza.pl\/wp-content\/uploads\/2026\/03\/math-320x202.jpg\" data-srcset=\"http:\/\/www.parklomza.pl\/wp-content\/uploads\/2026\/03\/math-320x202.jpg 320w, http:\/\/www.parklomza.pl\/wp-content\/uploads\/2026\/03\/math-700x441.jpg 700w\" data-sizes=\"auto\" \/><div class=\"fusion-rollover\">\n\t<div class=\"fusion-rollover-content\">\n\n\t\t\t\t\n\t\t\n\t\t\t\t\t\t\t\t\n\t\t\t\t\t\t\t\t\n\t\t\n\t\t\t\t\t\t<a class=\"fusion-link-wrapper\" href=\"http:\/\/www.parklomza.pl\/?p=2545\" aria-label=\"MATCHVENTURE w Hub of Talents 3\"><\/a>\n\t<\/div>\n<\/div>\n<\/div>\n<\/li>\n\t\t\t\n\t\t\t\n\t\t\t\t\t\t\t\t\t\t\t\t\t\t\t\t\t\t\t\t\t\t\t\t\t\t\t\t\t\t\t\t\t\t\t\t\t\t\t\t\t\t\t\t\t\t\t\t\t\t\t\t\t\t\t\t\t\t\t\t\t\t\t\t\t\t\t\t<\/ul>\n\t<\/div>\n\t<div class=\"fusion-post-content post-content\"><h2 class=\"blog-shortcode-post-title entry-title\"><a href=\"http:\/\/www.parklomza.pl\/?p=2545\">MATCHVENTURE w Hub of Talents 3<\/a><\/h2><div class=\"fusion-post-content-container\"><p>W Parku Przemys\u0142owym \u0141om\u017ca ramach programu Hub of Talents 3 inkubowany jest startup MATCHVENTURE. Wyobra\u017a sobie \u015bwiat, w kt\u00f3rym spotkania z nieznajomymi nie s\u0105 ju\u017c dzie\u0142em przypadku. Gdzie intuicyjne dopasowanie nie jest kwesti\u0105 szcz\u0119\u015bcia, ale efektem precyzyjnych<\/p><\/div><\/div><div class=\"fusion-clearfix\"><\/div><div class=\"fusion-meta-info\"><div class=\"fusion-alignleft\"><span class=\"vcard\" style=\"display: none;\"><span class=\"fn\"><a href=\"http:\/\/www.parklomza.pl\/?author=1\" title=\"Wpisy od ppl\" rel=\"author\">ppl<\/a><\/span><\/span><span class=\"updated\" style=\"display:none;\">2026-04-20T09:37:04+02:00<\/span><span>30 marca, 2026<\/span><span class=\"fusion-inline-sep\">|<\/span><a href=\"http:\/\/www.parklomza.pl\/?cat=28\" rel=\"category\">Aktualnosci<\/a>, <a href=\"http:\/\/www.parklomza.pl\/?cat=31\" rel=\"category\">HUB3<\/a><span class=\"fusion-inline-sep\">|<\/span><\/div><\/div><\/article>\n<article id=\"blog-1-post-2542\" class=\"fusion-post-medium post-2542 post type-post status-publish format-standard has-post-thumbnail hentry category-aktualnosci category-hub3\">\n\t<style type=\"text\/css\">\n\t\t\n\t\t\n\t\t\n\t\t\n\t\t\t<\/style>\n\n\n\t\t\t<div class=\"fusion-flexslider flexslider fusion-flexslider-loading fusion-post-slideshow\" style=\"\">\n\t\t<ul class=\"slides\">\n\t\t\t\n\t\t\t\t\t\t\t\t\t\t\t\t\t\t<li><div  class=\"fusion-image-wrapper fusion-image-size-fixed\" aria-haspopup=\"true\">\n\t\t\t\t<img decoding=\"async\" width=\"320\" height=\"202\" src=\"http:\/\/www.parklomza.pl\/wp-content\/uploads\/2026\/03\/area-320x202.jpg\" class=\"attachment-blog-medium size-blog-medium lazyload wp-post-image\" alt=\"\" srcset=\"data:image\/svg+xml,%3Csvg%20xmlns%3D%27http%3A%2F%2Fwww.w3.org%2F2000%2Fsvg%27%20width%3D%271280%27%20height%3D%27720%27%20viewBox%3D%270%200%201280%20720%27%3E%3Crect%20width%3D%271280%27%20height%3D%27720%27%20fill-opacity%3D%220%22%2F%3E%3C%2Fsvg%3E\" data-orig-src=\"http:\/\/www.parklomza.pl\/wp-content\/uploads\/2026\/03\/area-320x202.jpg\" data-srcset=\"http:\/\/www.parklomza.pl\/wp-content\/uploads\/2026\/03\/area-320x202.jpg 320w, http:\/\/www.parklomza.pl\/wp-content\/uploads\/2026\/03\/area-700x441.jpg 700w\" data-sizes=\"auto\" \/><div class=\"fusion-rollover\">\n\t<div class=\"fusion-rollover-content\">\n\n\t\t\t\t\n\t\t\n\t\t\t\t\t\t\t\t\n\t\t\t\t\t\t\t\t\n\t\t\n\t\t\t\t\t\t<a class=\"fusion-link-wrapper\" href=\"http:\/\/www.parklomza.pl\/?p=2542\" aria-label=\"AREA114 LABS w Hub of Talents 3\"><\/a>\n\t<\/div>\n<\/div>\n<\/div>\n<\/li>\n\t\t\t\n\t\t\t\n\t\t\t\t\t\t\t\t\t\t\t\t\t\t\t\t\t\t\t\t\t\t\t\t\t\t\t\t\t\t\t\t\t\t\t\t\t\t\t\t\t\t\t\t\t\t\t\t\t\t\t\t\t\t\t\t\t\t\t\t\t\t\t\t\t\t\t\t<\/ul>\n\t<\/div>\n\t<div class=\"fusion-post-content post-content\"><h2 class=\"blog-shortcode-post-title entry-title\"><a href=\"http:\/\/www.parklomza.pl\/?p=2542\">AREA114 LABS w Hub of Talents 3<\/a><\/h2><div class=\"fusion-post-content-container\"><p>Startup Area11 Labs to startup z 2 cyklu programu Hub of Talents 3 inkubowany w Parku Przemys\u0142owym \u0141om\u017ca. Wyobra\u017a sobie: ogl\u0105dasz serial, bohaterka wchodzi do kawiarni w perfekcyjnie skrojonej kurtce, obok niej stylowy kubek, a w tle<\/p><\/div><\/div><div class=\"fusion-clearfix\"><\/div><div class=\"fusion-meta-info\"><div class=\"fusion-alignleft\"><span class=\"vcard\" style=\"display: none;\"><span class=\"fn\"><a href=\"http:\/\/www.parklomza.pl\/?author=1\" title=\"Wpisy od ppl\" rel=\"author\">ppl<\/a><\/span><\/span><span class=\"updated\" style=\"display:none;\">2026-04-20T09:41:53+02:00<\/span><span>29 marca, 2026<\/span><span class=\"fusion-inline-sep\">|<\/span><a href=\"http:\/\/www.parklomza.pl\/?cat=28\" rel=\"category\">Aktualnosci<\/a>, <a href=\"http:\/\/www.parklomza.pl\/?cat=31\" rel=\"category\">HUB3<\/a><span class=\"fusion-inline-sep\">|<\/span><\/div><\/div><\/article>\n<\/div><div class=\"pagination clearfix\"><span class=\"current\">1<\/span><a href=\"http:\/\/www.parklomza.pl\/index.php?rest_route=%2Fwp%2Fv2%2Fpages%2F12&#038;paged=2\" class=\"inactive\">2<\/a><a class=\"pagination-next\" rel=\"next\" href=\"http:\/\/www.parklomza.pl\/index.php?rest_route=%2Fwp%2Fv2%2Fpages%2F12&#038;paged=2\"><span class=\"page-text\">Kolejny<\/span><span class=\"page-next\"><\/span><\/a><\/div><div class=\"fusion-clearfix\"><\/div><\/div><\/div><\/div><\/div><\/div>\n","protected":false},"excerpt":{"rendered":"","protected":false},"author":1,"featured_media":0,"parent":0,"menu_order":0,"comment_status":"closed","ping_status":"closed","template":"100-width.php","meta":{"content-type":"","footnotes":""},"class_list":["post-12","page","type-page","status-publish","hentry"],"acf":[],"yoast_head":"<!-- This site is optimized with the Yoast SEO plugin v20.8 - https:\/\/yoast.com\/wordpress\/plugins\/seo\/ -->\n<title>Aktualno\u015bci - Park Przemys\u0142owy \u0141om\u017ca Sp. z o.o.<\/title>\n<meta name=\"robots\" content=\"index, follow, max-snippet:-1, max-image-preview:large, max-video-preview:-1\" \/>\n<link rel=\"canonical\" href=\"http:\/\/www.parklomza.pl\/?page_id=12\" \/>\n<meta property=\"og:locale\" content=\"pl_PL\" \/>\n<meta property=\"og:type\" content=\"article\" \/>\n<meta property=\"og:title\" content=\"Aktualno\u015bci - Park Przemys\u0142owy \u0141om\u017ca Sp. z o.o.\" \/>\n<meta property=\"og:url\" content=\"http:\/\/www.parklomza.pl\/?page_id=12\" \/>\n<meta property=\"og:site_name\" content=\"Park Przemys\u0142owy \u0141om\u017ca Sp. z o.o.\" \/>\n<meta property=\"article:modified_time\" content=\"2023-04-25T10:18:21+00:00\" \/>\n<meta name=\"twitter:card\" content=\"summary_large_image\" \/>\n<meta name=\"twitter:label1\" content=\"Szacowany czas czytania\" \/>\n\t<meta name=\"twitter:data1\" content=\"1 minuta\" \/>\n<script type=\"application\/ld+json\" class=\"yoast-schema-graph\">{\"@context\":\"https:\/\/schema.org\",\"@graph\":[{\"@type\":\"WebPage\",\"@id\":\"http:\/\/www.parklomza.pl\/?page_id=12\",\"url\":\"http:\/\/www.parklomza.pl\/?page_id=12\",\"name\":\"Aktualno\u015bci - Park Przemys\u0142owy \u0141om\u017ca Sp. z o.o.\",\"isPartOf\":{\"@id\":\"http:\/\/www.parklomza.pl\/#website\"},\"datePublished\":\"2019-01-14T16:18:25+00:00\",\"dateModified\":\"2023-04-25T10:18:21+00:00\",\"breadcrumb\":{\"@id\":\"http:\/\/www.parklomza.pl\/?page_id=12#breadcrumb\"},\"inLanguage\":\"pl-PL\",\"potentialAction\":[{\"@type\":\"ReadAction\",\"target\":[\"http:\/\/www.parklomza.pl\/?page_id=12\"]}]},{\"@type\":\"BreadcrumbList\",\"@id\":\"http:\/\/www.parklomza.pl\/?page_id=12#breadcrumb\",\"itemListElement\":[{\"@type\":\"ListItem\",\"position\":1,\"name\":\"Strona g\u0142\u00f3wna\",\"item\":\"http:\/\/www.parklomza.pl\/\"},{\"@type\":\"ListItem\",\"position\":2,\"name\":\"Aktualno\u015bci\"}]},{\"@type\":\"WebSite\",\"@id\":\"http:\/\/www.parklomza.pl\/#website\",\"url\":\"http:\/\/www.parklomza.pl\/\",\"name\":\"Park Przemys\u0142owy \u0141om\u017ca Sp. z o.o.\",\"description\":\"\",\"potentialAction\":[{\"@type\":\"SearchAction\",\"target\":{\"@type\":\"EntryPoint\",\"urlTemplate\":\"http:\/\/www.parklomza.pl\/?s={search_term_string}\"},\"query-input\":\"required name=search_term_string\"}],\"inLanguage\":\"pl-PL\"}]}<\/script>\n<!-- \/ Yoast SEO plugin. -->","yoast_head_json":{"title":"Aktualno\u015bci - Park Przemys\u0142owy \u0141om\u017ca Sp. z o.o.","robots":{"index":"index","follow":"follow","max-snippet":"max-snippet:-1","max-image-preview":"max-image-preview:large","max-video-preview":"max-video-preview:-1"},"canonical":"http:\/\/www.parklomza.pl\/?page_id=12","og_locale":"pl_PL","og_type":"article","og_title":"Aktualno\u015bci - Park Przemys\u0142owy \u0141om\u017ca Sp. z o.o.","og_url":"http:\/\/www.parklomza.pl\/?page_id=12","og_site_name":"Park Przemys\u0142owy \u0141om\u017ca Sp. z o.o.","article_modified_time":"2023-04-25T10:18:21+00:00","twitter_card":"summary_large_image","twitter_misc":{"Szacowany czas czytania":"1 minuta"},"schema":{"@context":"https:\/\/schema.org","@graph":[{"@type":"WebPage","@id":"http:\/\/www.parklomza.pl\/?page_id=12","url":"http:\/\/www.parklomza.pl\/?page_id=12","name":"Aktualno\u015bci - Park Przemys\u0142owy \u0141om\u017ca Sp. z o.o.","isPartOf":{"@id":"http:\/\/www.parklomza.pl\/#website"},"datePublished":"2019-01-14T16:18:25+00:00","dateModified":"2023-04-25T10:18:21+00:00","breadcrumb":{"@id":"http:\/\/www.parklomza.pl\/?page_id=12#breadcrumb"},"inLanguage":"pl-PL","potentialAction":[{"@type":"ReadAction","target":["http:\/\/www.parklomza.pl\/?page_id=12"]}]},{"@type":"BreadcrumbList","@id":"http:\/\/www.parklomza.pl\/?page_id=12#breadcrumb","itemListElement":[{"@type":"ListItem","position":1,"name":"Strona g\u0142\u00f3wna","item":"http:\/\/www.parklomza.pl\/"},{"@type":"ListItem","position":2,"name":"Aktualno\u015bci"}]},{"@type":"WebSite","@id":"http:\/\/www.parklomza.pl\/#website","url":"http:\/\/www.parklomza.pl\/","name":"Park Przemys\u0142owy \u0141om\u017ca Sp. z o.o.","description":"","potentialAction":[{"@type":"SearchAction","target":{"@type":"EntryPoint","urlTemplate":"http:\/\/www.parklomza.pl\/?s={search_term_string}"},"query-input":"required name=search_term_string"}],"inLanguage":"pl-PL"}]}},"_links":{"self":[{"href":"http:\/\/www.parklomza.pl\/index.php?rest_route=\/wp\/v2\/pages\/12","targetHints":{"allow":["GET"]}}],"collection":[{"href":"http:\/\/www.parklomza.pl\/index.php?rest_route=\/wp\/v2\/pages"}],"about":[{"href":"http:\/\/www.parklomza.pl\/index.php?rest_route=\/wp\/v2\/types\/page"}],"author":[{"embeddable":true,"href":"http:\/\/www.parklomza.pl\/index.php?rest_route=\/wp\/v2\/users\/1"}],"replies":[{"embeddable":true,"href":"http:\/\/www.parklomza.pl\/index.php?rest_route=%2Fwp%2Fv2%2Fcomments&post=12"}],"version-history":[{"count":8,"href":"http:\/\/www.parklomza.pl\/index.php?rest_route=\/wp\/v2\/pages\/12\/revisions"}],"predecessor-version":[{"id":1280,"href":"http:\/\/www.parklomza.pl\/index.php?rest_route=\/wp\/v2\/pages\/12\/revisions\/1280"}],"wp:attachment":[{"href":"http:\/\/www.parklomza.pl\/index.php?rest_route=%2Fwp%2Fv2%2Fmedia&parent=12"}],"curies":[{"name":"wp","href":"https:\/\/api.w.org\/{rel}","templated":true}]}}